{"id":7669,"date":"2024-11-12T14:57:32","date_gmt":"2024-11-12T13:57:32","guid":{"rendered":"https:\/\/persepolis-investments.com\/contacta-con-nosotros\/"},"modified":"2026-03-04T16:13:23","modified_gmt":"2026-03-04T15:13:23","slug":"contacta-con-nosotros","status":"publish","type":"page","link":"https:\/\/persepolis-investments.com\/es\/contacta-con-nosotros\/","title":{"rendered":"Contacta con nosotros"},"content":{"rendered":"\t\t<div data-elementor-type=\"wp-page\" data-elementor-id=\"7669\" class=\"elementor elementor-7669 elementor-6930\" data-elementor-post-type=\"page\">\n\t\t\t\t<div class=\"elementor-element elementor-element-384b732 e-flex e-con-boxed e-con e-parent\" data-id=\"384b732\" data-element_type=\"container\">\n\t\t\t\t\t<div class=\"e-con-inner\">\n\t\t<div class=\"elementor-element elementor-element-5ff0e26 e-con-full animated-slow e-flex elementor-invisible e-con e-child\" data-id=\"5ff0e26\" data-element_type=\"container\" data-settings=\"{&quot;animation&quot;:&quot;fadeIn&quot;,&quot;animation_delay&quot;:250}\">\n\t\t\t\t<div class=\"elementor-element elementor-element-ef80a66 animated-fast elementor-invisible elementor-widget elementor-widget-heading\" data-id=\"ef80a66\" data-element_type=\"widget\" data-settings=\"{&quot;_animation&quot;:&quot;fadeInUp&quot;,&quot;_animation_delay&quot;:200}\" data-widget_type=\"heading.default\">\n\t\t\t\t<div class=\"elementor-widget-container\">\n\t\t\t\t\t<h1 class=\"elementor-heading-title elementor-size-default\">CONT\u00c1CTANOS<\/h1>\t\t\t\t<\/div>\n\t\t\t\t<\/div>\n\t\t\t\t<\/div>\n\t\t\t\t\t<\/div>\n\t\t\t\t<\/div>\n\t\t<div class=\"elementor-element elementor-element-3ad3243 e-flex e-con-boxed e-con e-parent\" data-id=\"3ad3243\" data-element_type=\"container\">\n\t\t\t\t\t<div class=\"e-con-inner\">\n\t\t<div class=\"elementor-element elementor-element-83cfb9f e-con-full e-flex e-con e-child\" data-id=\"83cfb9f\" data-element_type=\"container\">\n\t\t\t\t<div class=\"elementor-element elementor-element-33223c5 animated-slow elementor-invisible elementor-widget elementor-widget-heading\" data-id=\"33223c5\" data-element_type=\"widget\" data-settings=\"{&quot;_animation&quot;:&quot;fadeIn&quot;}\" data-widget_type=\"heading.default\">\n\t\t\t\t<div class=\"elementor-widget-container\">\n\t\t\t\t\t<p class=\"elementor-heading-title elementor-size-default\">Info<\/p>\t\t\t\t<\/div>\n\t\t\t\t<\/div>\n\t\t\t\t<div class=\"elementor-element elementor-element-e7feb19 animated-slow elementor-invisible elementor-widget elementor-widget-heading\" data-id=\"e7feb19\" data-element_type=\"widget\" data-settings=\"{&quot;_animation&quot;:&quot;fadeIn&quot;}\" data-widget_type=\"heading.default\">\n\t\t\t\t<div class=\"elementor-widget-container\">\n\t\t\t\t\t<p class=\"elementor-heading-title elementor-size-default\"><a href=\"tel:+34910632855\">+34 910 632 855<\/a><\/p>\t\t\t\t<\/div>\n\t\t\t\t<\/div>\n\t\t\t\t<div class=\"elementor-element elementor-element-1ba5572 animated-slow elementor-invisible elementor-widget elementor-widget-heading\" data-id=\"1ba5572\" data-element_type=\"widget\" data-settings=\"{&quot;_animation&quot;:&quot;fadeIn&quot;}\" data-widget_type=\"heading.default\">\n\t\t\t\t<div class=\"elementor-widget-container\">\n\t\t\t\t\t<p class=\"elementor-heading-title elementor-size-default\"><a href=\"mailto:info@persepolis-investments.com\">info@persepolis-investments.com<\/a><\/p>\t\t\t\t<\/div>\n\t\t\t\t<\/div>\n\t\t\t\t<div class=\"elementor-element elementor-element-f40079b animated-slow elementor-invisible elementor-widget elementor-widget-heading\" data-id=\"f40079b\" data-element_type=\"widget\" data-settings=\"{&quot;_animation&quot;:&quot;fadeIn&quot;}\" data-widget_type=\"heading.default\">\n\t\t\t\t<div class=\"elementor-widget-container\">\n\t\t\t\t\t<p class=\"elementor-heading-title elementor-size-default\"><a href=\"mailto:compliance@persepolis-investments.com\">compliance@persepolis-investments.com\n<\/a><\/p>\t\t\t\t<\/div>\n\t\t\t\t<\/div>\n\t\t\t\t<\/div>\n\t\t<div class=\"elementor-element elementor-element-20e3733 e-con-full e-flex e-con e-child\" data-id=\"20e3733\" data-element_type=\"container\">\n\t\t\t\t<div class=\"elementor-element elementor-element-eab515f animated-slow elementor-invisible elementor-widget elementor-widget-heading\" data-id=\"eab515f\" data-element_type=\"widget\" data-settings=\"{&quot;_animation&quot;:&quot;fadeIn&quot;}\" data-widget_type=\"heading.default\">\n\t\t\t\t<div class=\"elementor-widget-container\">\n\t\t\t\t\t<p class=\"elementor-heading-title elementor-size-default\">Oficinas centrales<\/p>\t\t\t\t<\/div>\n\t\t\t\t<\/div>\n\t\t\t\t<div class=\"elementor-element elementor-element-711c269 animated-slow elementor-invisible elementor-widget elementor-widget-heading\" data-id=\"711c269\" data-element_type=\"widget\" data-settings=\"{&quot;_animation&quot;:&quot;fadeIn&quot;}\" data-widget_type=\"heading.default\">\n\t\t\t\t<div class=\"elementor-widget-container\">\n\t\t\t\t\t<p class=\"elementor-heading-title elementor-size-default\"><a href=\"https:\/\/maps.app.goo.gl\/YdWK36AgzVjUHJDM7\" target=\"_blank\"><span style=\"background-color: rgb(255, 251, 243);\">Calle Marques de Riscal 11, <\/span><br style=\"background-color: rgb(255, 251, 243);\"><span style=\"background-color: rgb(255, 251, 243);\">Planta 4, Oficina 2,<\/span><br style=\"background-color: rgb(255, 251, 243);\"><span style=\"background-color: rgb(255, 251, 243);\">28010 Madrid<\/span><span style=\"background-color: rgb(255, 251, 243);\"><\/span><\/a><\/p>\t\t\t\t<\/div>\n\t\t\t\t<\/div>\n\t\t\t\t<\/div>\n\t\t\t\t\t<\/div>\n\t\t\t\t<\/div>\n\t\t<div class=\"elementor-element elementor-element-406d943 e-flex e-con-boxed e-con e-parent\" data-id=\"406d943\" data-element_type=\"container\">\n\t\t\t\t\t<div class=\"e-con-inner\">\n\t\t\t\t<div class=\"elementor-element elementor-element-83c3787 animated-slow elementor-invisible elementor-widget elementor-widget-heading\" data-id=\"83c3787\" data-element_type=\"widget\" data-settings=\"{&quot;_animation&quot;:&quot;fadeIn&quot;}\" data-widget_type=\"heading.default\">\n\t\t\t\t<div class=\"elementor-widget-container\">\n\t\t\t\t\t<h3 class=\"elementor-heading-title elementor-size-default\">NUESTROS PROYECTOS<\/h3>\t\t\t\t<\/div>\n\t\t\t\t<\/div>\n\t\t\t\t\t<\/div>\n\t\t\t\t<\/div>\n\t\t<div class=\"elementor-element elementor-element-a5aa341 e-flex e-con-boxed e-con e-parent\" data-id=\"a5aa341\" data-element_type=\"container\">\n\t\t\t\t\t<div class=\"e-con-inner\">\n\t\t<div class=\"elementor-element elementor-element-c7a5144 e-con-full e-flex e-con e-child\" data-id=\"c7a5144\" data-element_type=\"container\">\n\t\t\t\t<div class=\"elementor-element elementor-element-6ba7ea1 animated-slow elementor-invisible elementor-widget elementor-widget-heading\" data-id=\"6ba7ea1\" data-element_type=\"widget\" data-settings=\"{&quot;_animation&quot;:&quot;fadeIn&quot;}\" data-widget_type=\"heading.default\">\n\t\t\t\t<div class=\"elementor-widget-container\">\n\t\t\t\t\t<p class=\"elementor-heading-title elementor-size-default\">Palacio Torre-Almiranta <\/p>\t\t\t\t<\/div>\n\t\t\t\t<\/div>\n\t\t\t\t<div class=\"elementor-element elementor-element-3cefed2 animated-slow elementor-invisible elementor-widget elementor-widget-heading\" data-id=\"3cefed2\" data-element_type=\"widget\" data-settings=\"{&quot;_animation&quot;:&quot;fadeIn&quot;}\" data-widget_type=\"heading.default\">\n\t\t\t\t<div class=\"elementor-widget-container\">\n\t\t\t\t\t<p class=\"elementor-heading-title elementor-size-default\"><a href=\"tel:+34917906706\">+34 917 90 67 06<\/a><\/p>\t\t\t\t<\/div>\n\t\t\t\t<\/div>\n\t\t\t\t<div class=\"elementor-element elementor-element-f11ac94 animated-slow elementor-invisible elementor-widget elementor-widget-heading\" data-id=\"f11ac94\" data-element_type=\"widget\" data-settings=\"{&quot;_animation&quot;:&quot;fadeIn&quot;}\" data-widget_type=\"heading.default\">\n\t\t\t\t<div class=\"elementor-widget-container\">\n\t\t\t\t\t<p class=\"elementor-heading-title elementor-size-default\"><a href=\"mailto:sales@sagasta27.com\">sales@sagasta27.com<\/a><\/p>\t\t\t\t<\/div>\n\t\t\t\t<\/div>\n\t\t\t\t<\/div>\n\t\t<div class=\"elementor-element elementor-element-2789d1d e-con-full e-flex e-con e-child\" data-id=\"2789d1d\" data-element_type=\"container\">\n\t\t\t\t<div class=\"elementor-element elementor-element-7200894 animated-slow elementor-invisible elementor-widget elementor-widget-heading\" data-id=\"7200894\" data-element_type=\"widget\" data-settings=\"{&quot;_animation&quot;:&quot;fadeIn&quot;}\" data-widget_type=\"heading.default\">\n\t\t\t\t<div class=\"elementor-widget-container\">\n\t\t\t\t\t<p class=\"elementor-heading-title elementor-size-default\">Banyan Tree Padilla Madrid Residences <\/p>\t\t\t\t<\/div>\n\t\t\t\t<\/div>\n\t\t\t\t<div class=\"elementor-element elementor-element-a8321bf animated-slow elementor-invisible elementor-widget elementor-widget-heading\" data-id=\"a8321bf\" data-element_type=\"widget\" data-settings=\"{&quot;_animation&quot;:&quot;fadeIn&quot;}\" data-widget_type=\"heading.default\">\n\t\t\t\t<div class=\"elementor-widget-container\">\n\t\t\t\t\t<p class=\"elementor-heading-title elementor-size-default\"><a href=\"tel:912975560\" target=\"_blank\">+34 912 97 55 60<\/a><\/p>\t\t\t\t<\/div>\n\t\t\t\t<\/div>\n\t\t\t\t<div class=\"elementor-element elementor-element-8bb4e1b animated-slow elementor-invisible elementor-widget elementor-widget-heading\" data-id=\"8bb4e1b\" data-element_type=\"widget\" data-settings=\"{&quot;_animation&quot;:&quot;fadeIn&quot;}\" data-widget_type=\"heading.default\">\n\t\t\t\t<div class=\"elementor-widget-container\">\n\t\t\t\t\t<p class=\"elementor-heading-title elementor-size-default\"><a href=\"mailto:info@persepolis-investments.com\">sales@padillaresidences32.com<\/a><\/p>\t\t\t\t<\/div>\n\t\t\t\t<\/div>\n\t\t\t\t<\/div>\n\t\t<div class=\"elementor-element elementor-element-ddd394c e-con-full e-flex e-con e-child\" data-id=\"ddd394c\" data-element_type=\"container\">\n\t\t\t\t<div class=\"elementor-element elementor-element-361b13f animated-slow elementor-invisible elementor-widget elementor-widget-heading\" data-id=\"361b13f\" data-element_type=\"widget\" data-settings=\"{&quot;_animation&quot;:&quot;fadeIn&quot;}\" data-widget_type=\"heading.default\">\n\t\t\t\t<div class=\"elementor-widget-container\">\n\t\t\t\t\t<p class=\"elementor-heading-title elementor-size-default\">SLS Madrid Infantas Residences <\/p>\t\t\t\t<\/div>\n\t\t\t\t<\/div>\n\t\t\t\t<div class=\"elementor-element elementor-element-6afa970 animated-slow elementor-invisible elementor-widget elementor-widget-heading\" data-id=\"6afa970\" data-element_type=\"widget\" data-settings=\"{&quot;_animation&quot;:&quot;fadeIn&quot;}\" data-widget_type=\"heading.default\">\n\t\t\t\t<div class=\"elementor-widget-container\">\n\t\t\t\t\t<p class=\"elementor-heading-title elementor-size-default\"><a href=\"tel:912975553\" target=\"_blank\">+34 912 97 55 53<\/a><\/p>\t\t\t\t<\/div>\n\t\t\t\t<\/div>\n\t\t\t\t<div class=\"elementor-element elementor-element-b3568cc animated-slow elementor-invisible elementor-widget elementor-widget-heading\" data-id=\"b3568cc\" data-element_type=\"widget\" data-settings=\"{&quot;_animation&quot;:&quot;fadeIn&quot;}\" data-widget_type=\"heading.default\">\n\t\t\t\t<div class=\"elementor-widget-container\">\n\t\t\t\t\t<p class=\"elementor-heading-title elementor-size-default\"><a href=\"mailto:info@persepolis-investments.com\">sales@infantas40.com<\/a><\/p>\t\t\t\t<\/div>\n\t\t\t\t<\/div>\n\t\t\t\t<\/div>\n\t\t\t\t\t<\/div>\n\t\t\t\t<\/div>\n\t\t<div class=\"elementor-element elementor-element-fc8780b e-con-full e-flex e-con e-parent\" data-id=\"fc8780b\" data-element_type=\"container\">\n\t\t<div class=\"elementor-element elementor-element-e862a37 e-con-full e-flex e-con e-child\" data-id=\"e862a37\" data-element_type=\"container\">\n\t\t<div class=\"elementor-element elementor-element-fc1b9ff e-con-full e-flex e-con e-child\" data-id=\"fc1b9ff\" data-element_type=\"container\">\n\t\t\t\t<div class=\"elementor-element elementor-element-7672f75 animated-slow elementor-invisible elementor-widget elementor-widget-heading\" data-id=\"7672f75\" data-element_type=\"widget\" data-settings=\"{&quot;_animation&quot;:&quot;fadeIn&quot;}\" data-widget_type=\"heading.default\">\n\t\t\t\t<div class=\"elementor-widget-container\">\n\t\t\t\t\t<h3 class=\"elementor-heading-title elementor-size-default\">PONTE EN CONTACTO<\/h3>\t\t\t\t<\/div>\n\t\t\t\t<\/div>\n\t\t\t\t<div class=\"elementor-element elementor-element-a7e0c9d elementor-button-align-end animated-slow elementor-invisible elementor-widget elementor-widget-form\" data-id=\"a7e0c9d\" data-element_type=\"widget\" data-settings=\"{&quot;step_next_label&quot;:&quot;Siguiente&quot;,&quot;step_previous_label&quot;:&quot;Anterior&quot;,&quot;_animation&quot;:&quot;fadeIn&quot;,&quot;button_width&quot;:&quot;100&quot;,&quot;step_type&quot;:&quot;number_text&quot;,&quot;step_icon_shape&quot;:&quot;circle&quot;}\" data-widget_type=\"form.default\">\n\t\t\t\t<div class=\"elementor-widget-container\">\n\t\t\t\t\t\t\t<form class=\"elementor-form\" method=\"post\" name=\"Contact-form\">\n\t\t\t<input type=\"hidden\" name=\"post_id\" value=\"7669\"\/>\n\t\t\t<input type=\"hidden\" name=\"form_id\" value=\"a7e0c9d\"\/>\n\t\t\t<input type=\"hidden\" name=\"referer_title\" value=\"Perspepolis Investments\" \/>\n\n\t\t\t\n\t\t\t<div class=\"elementor-form-fields-wrapper elementor-labels-above\">\n\t\t\t\t\t\t\t\t<div class=\"elementor-field-type-text elementor-field-group elementor-column elementor-field-group-name elementor-col-100\">\n\t\t\t\t\t\t\t\t\t\t\t\t\t<input size=\"1\" type=\"text\" name=\"form_fields[name]\" id=\"form-field-name\" class=\"elementor-field elementor-size-sm  elementor-field-textual\" placeholder=\"Nombre\">\n\t\t\t\t\t\t\t\t\t\t\t<\/div>\n\t\t\t\t\t\t\t\t<div class=\"elementor-field-type-email elementor-field-group elementor-column elementor-field-group-email elementor-col-100 elementor-field-required\">\n\t\t\t\t\t\t\t\t\t\t\t\t\t<input size=\"1\" type=\"email\" name=\"form_fields[email]\" id=\"form-field-email\" class=\"elementor-field elementor-size-sm  elementor-field-textual\" placeholder=\"Email\" required=\"required\">\n\t\t\t\t\t\t\t\t\t\t\t<\/div>\n\t\t\t\t\t\t\t\t<div class=\"elementor-field-type-tel elementor-field-group elementor-column elementor-field-group-field_cfdfabf elementor-col-100 elementor-field-required\">\n\t\t\t\t\t\t\t<input size=\"1\" type=\"tel\" name=\"form_fields[field_cfdfabf]\" id=\"form-field-field_cfdfabf\" class=\"elementor-field elementor-size-sm  elementor-field-textual\" placeholder=\"Tel\u00e9fono\" required=\"required\" pattern=\"[0-9()#&amp;+*-=.]+\" title=\"Solo se aceptan n\u00fameros y caracteres de tel\u00e9fono (#,-,*,etc).\">\n\n\t\t\t\t\t\t<\/div>\n\t\t\t\t\t\t\t\t<div class=\"elementor-field-type-textarea elementor-field-group elementor-column elementor-field-group-message elementor-col-100\">\n\t\t\t\t\t<textarea class=\"elementor-field-textual elementor-field  elementor-size-sm\" name=\"form_fields[message]\" id=\"form-field-message\" rows=\"4\" placeholder=\"Mensaje\"><\/textarea>\t\t\t\t<\/div>\n\t\t\t\t\t\t\t\t<div class=\"elementor-field-type-acceptance elementor-field-group elementor-column elementor-field-group-field_a0e6998 elementor-col-100\">\n\t\t\t\t\t\t\t<div class=\"elementor-field-subgroup\">\n\t\t\t<span class=\"elementor-field-option\">\n\t\t\t\t<input type=\"checkbox\" name=\"form_fields[field_a0e6998]\" id=\"form-field-field_a0e6998\" class=\"elementor-field elementor-size-sm  elementor-acceptance-field\">\n\t\t\t\t<label for=\"form-field-field_a0e6998\">He le\u00eddo y acepto el Aviso legal y la Pol\u00edtica de privacidad. Acepto recibir la informaci\u00f3n solicitada por email.<\/label>\t\t\t<\/span>\n\t\t<\/div>\n\t\t\t\t\t\t<\/div>\n\t\t\t\t\t\t\t\t<div class=\"elementor-field-group elementor-column elementor-field-type-submit elementor-col-100 e-form__buttons\">\n\t\t\t\t\t<button class=\"elementor-button elementor-size-xs\" type=\"submit\">\n\t\t\t\t\t\t<span class=\"elementor-button-content-wrapper\">\n\t\t\t\t\t\t\t\t\t\t\t\t\t\t\t\t\t\t\t\t\t\t<span class=\"elementor-button-text\">Enviar<\/span>\n\t\t\t\t\t\t\t\t\t\t\t\t\t<\/span>\n\t\t\t\t\t<\/button>\n\t\t\t\t<\/div>\n\t\t\t<\/div>\n\t\t<\/form>\n\t\t\t\t\t\t<\/div>\n\t\t\t\t<\/div>\n\t\t\t\t<\/div>\n\t\t\t\t<\/div>\n\t\t<div class=\"elementor-element elementor-element-9d5ee7f e-con-full e-flex e-con e-child\" data-id=\"9d5ee7f\" data-element_type=\"container\">\n\t\t\t\t<div class=\"elementor-element elementor-element-614ddf7 elementor-widget elementor-widget-google_maps\" data-id=\"614ddf7\" data-element_type=\"widget\" data-widget_type=\"google_maps.default\">\n\t\t\t\t<div class=\"elementor-widget-container\">\n\t\t\t\t\t\t\t<div class=\"elementor-custom-embed\">\n\t\t\t<iframe loading=\"lazy\"\n\t\t\t\t\tsrc=\"https:\/\/maps.google.com\/maps?q=C.%20del%20Marqu%C3%A9s%20del%20Riscal%2C%2011%2C%20Chamber%C3%AD%2C%2028010%20Madrid&#038;t=m&#038;z=16&#038;output=embed&#038;iwloc=near\"\n\t\t\t\t\ttitle=\"C. del Marqu\u00e9s del Riscal, 11, Chamber\u00ed, 28010 Madrid\"\n\t\t\t\t\taria-label=\"C. del Marqu\u00e9s del Riscal, 11, Chamber\u00ed, 28010 Madrid\"\n\t\t\t><\/iframe>\n\t\t<\/div>\n\t\t\t\t\t\t<\/div>\n\t\t\t\t<\/div>\n\t\t\t\t<\/div>\n\t\t\t\t<\/div>\n\t\t\t\t<\/div>\n\t\t","protected":false},"excerpt":{"rendered":"<p>CONT\u00c1CTANOS Info +34 910 632 855 info@persepolis-investments.com compliance@persepolis-investments.com Oficinas centrales Calle Marques de Riscal 11, Planta 4, Oficina 2,28010 Madrid NUESTROS PROYECTOS Palacio Torre-Almiranta +34 917 90 67 06 sales@sagasta27.com Banyan Tree Padilla Madrid Residences +34 912 97 55 60 sales@padillaresidences32.com SLS Madrid Infantas Residences +34 912 97 55 53 sales@infantas40.com PONTE EN CONTACTO<\/p>\n","protected":false},"author":15,"featured_media":0,"parent":0,"menu_order":0,"comment_status":"closed","ping_status":"closed","template":"elementor_header_footer","meta":{"_acf_changed":false,"content-type":"","footnotes":""},"class_list":["post-7669","page","type-page","status-publish","hentry"],"acf":[],"yoast_head":"<!-- This site is optimized with the Yoast SEO plugin v26.4 - https:\/\/yoast.com\/wordpress\/plugins\/seo\/ -->\n<title>Contacta con nosotros | Perspepolis Investments<\/title>\n<meta name=\"description\" content=\"CONT\u00c1CTANOS Info +34 910 632 855 info@persepolis-investments.com compliance@persepolis-investments.com Oficinas centrales Calle Marques de Riscal 11,\" \/>\n<meta name=\"robots\" content=\"index, follow, max-snippet:-1, max-image-preview:large, max-video-preview:-1\" \/>\n<link rel=\"canonical\" href=\"https:\/\/persepolis-investments.com\/es\/contacta-con-nosotros\/\" \/>\n<meta property=\"og:locale\" content=\"es_ES\" \/>\n<meta property=\"og:type\" content=\"article\" \/>\n<meta property=\"og:title\" content=\"Contacta con nosotros | Perspepolis Investments\" \/>\n<meta property=\"og:description\" content=\"CONT\u00c1CTANOS Info +34 910 632 855 info@persepolis-investments.com compliance@persepolis-investments.com Oficinas centrales Calle Marques de Riscal 11,\" \/>\n<meta property=\"og:url\" content=\"https:\/\/persepolis-investments.com\/es\/contacta-con-nosotros\/\" \/>\n<meta property=\"og:site_name\" content=\"Perspepolis Investments\" \/>\n<meta property=\"article:modified_time\" content=\"2026-03-04T15:13:23+00:00\" \/>\n<meta name=\"twitter:card\" content=\"summary_large_image\" \/>\n<meta name=\"twitter:label1\" content=\"Tiempo de lectura\" \/>\n\t<meta name=\"twitter:data1\" content=\"1 minuto\" \/>\n<script type=\"application\/ld+json\" class=\"yoast-schema-graph\">{\"@context\":\"https:\/\/schema.org\",\"@graph\":[{\"@type\":\"WebPage\",\"@id\":\"https:\/\/persepolis-investments.com\/es\/contacta-con-nosotros\/\",\"url\":\"https:\/\/persepolis-investments.com\/es\/contacta-con-nosotros\/\",\"name\":\"Contacta con nosotros | Perspepolis Investments\",\"isPartOf\":{\"@id\":\"https:\/\/persepolis-investments.com\/es\/#website\"},\"datePublished\":\"2024-11-12T13:57:32+00:00\",\"dateModified\":\"2026-03-04T15:13:23+00:00\",\"description\":\"CONT\u00c1CTANOS Info +34 910 632 855 info@persepolis-investments.com compliance@persepolis-investments.com Oficinas centrales Calle Marques de Riscal 11,\",\"breadcrumb\":{\"@id\":\"https:\/\/persepolis-investments.com\/es\/contacta-con-nosotros\/#breadcrumb\"},\"inLanguage\":\"es\",\"potentialAction\":[{\"@type\":\"ReadAction\",\"target\":[\"https:\/\/persepolis-investments.com\/es\/contacta-con-nosotros\/\"]}]},{\"@type\":\"BreadcrumbList\",\"@id\":\"https:\/\/persepolis-investments.com\/es\/contacta-con-nosotros\/#breadcrumb\",\"itemListElement\":[{\"@type\":\"ListItem\",\"position\":1,\"name\":\"Home\",\"item\":\"https:\/\/persepolis-investments.com\/es\/inicio\/\"},{\"@type\":\"ListItem\",\"position\":2,\"name\":\"Contacta con nosotros\"}]},{\"@type\":\"WebSite\",\"@id\":\"https:\/\/persepolis-investments.com\/es\/#website\",\"url\":\"https:\/\/persepolis-investments.com\/es\/\",\"name\":\"Perspepolis Investments\",\"description\":\"Profitability, rigor and sustainability\",\"potentialAction\":[{\"@type\":\"SearchAction\",\"target\":{\"@type\":\"EntryPoint\",\"urlTemplate\":\"https:\/\/persepolis-investments.com\/es\/?s={search_term_string}\"},\"query-input\":{\"@type\":\"PropertyValueSpecification\",\"valueRequired\":true,\"valueName\":\"search_term_string\"}}],\"inLanguage\":\"es\"}]}<\/script>\n<!-- \/ Yoast SEO plugin. -->","yoast_head_json":{"title":"Contacta con nosotros | Perspepolis Investments","description":"CONT\u00c1CTANOS Info +34 910 632 855 info@persepolis-investments.com compliance@persepolis-investments.com Oficinas centrales Calle Marques de Riscal 11,","robots":{"index":"index","follow":"follow","max-snippet":"max-snippet:-1","max-image-preview":"max-image-preview:large","max-video-preview":"max-video-preview:-1"},"canonical":"https:\/\/persepolis-investments.com\/es\/contacta-con-nosotros\/","og_locale":"es_ES","og_type":"article","og_title":"Contacta con nosotros | Perspepolis Investments","og_description":"CONT\u00c1CTANOS Info +34 910 632 855 info@persepolis-investments.com compliance@persepolis-investments.com Oficinas centrales Calle Marques de Riscal 11,","og_url":"https:\/\/persepolis-investments.com\/es\/contacta-con-nosotros\/","og_site_name":"Perspepolis Investments","article_modified_time":"2026-03-04T15:13:23+00:00","twitter_card":"summary_large_image","twitter_misc":{"Tiempo de lectura":"1 minuto"},"schema":{"@context":"https:\/\/schema.org","@graph":[{"@type":"WebPage","@id":"https:\/\/persepolis-investments.com\/es\/contacta-con-nosotros\/","url":"https:\/\/persepolis-investments.com\/es\/contacta-con-nosotros\/","name":"Contacta con nosotros | Perspepolis Investments","isPartOf":{"@id":"https:\/\/persepolis-investments.com\/es\/#website"},"datePublished":"2024-11-12T13:57:32+00:00","dateModified":"2026-03-04T15:13:23+00:00","description":"CONT\u00c1CTANOS Info +34 910 632 855 info@persepolis-investments.com compliance@persepolis-investments.com Oficinas centrales Calle Marques de Riscal 11,","breadcrumb":{"@id":"https:\/\/persepolis-investments.com\/es\/contacta-con-nosotros\/#breadcrumb"},"inLanguage":"es","potentialAction":[{"@type":"ReadAction","target":["https:\/\/persepolis-investments.com\/es\/contacta-con-nosotros\/"]}]},{"@type":"BreadcrumbList","@id":"https:\/\/persepolis-investments.com\/es\/contacta-con-nosotros\/#breadcrumb","itemListElement":[{"@type":"ListItem","position":1,"name":"Home","item":"https:\/\/persepolis-investments.com\/es\/inicio\/"},{"@type":"ListItem","position":2,"name":"Contacta con nosotros"}]},{"@type":"WebSite","@id":"https:\/\/persepolis-investments.com\/es\/#website","url":"https:\/\/persepolis-investments.com\/es\/","name":"Perspepolis Investments","description":"Profitability, rigor and sustainability","potentialAction":[{"@type":"SearchAction","target":{"@type":"EntryPoint","urlTemplate":"https:\/\/persepolis-investments.com\/es\/?s={search_term_string}"},"query-input":{"@type":"PropertyValueSpecification","valueRequired":true,"valueName":"search_term_string"}}],"inLanguage":"es"}]}},"_links":{"self":[{"href":"https:\/\/persepolis-investments.com\/es\/wp-json\/wp\/v2\/pages\/7669","targetHints":{"allow":["GET"]}}],"collection":[{"href":"https:\/\/persepolis-investments.com\/es\/wp-json\/wp\/v2\/pages"}],"about":[{"href":"https:\/\/persepolis-investments.com\/es\/wp-json\/wp\/v2\/types\/page"}],"author":[{"embeddable":true,"href":"https:\/\/persepolis-investments.com\/es\/wp-json\/wp\/v2\/users\/15"}],"replies":[{"embeddable":true,"href":"https:\/\/persepolis-investments.com\/es\/wp-json\/wp\/v2\/comments?post=7669"}],"version-history":[{"count":11,"href":"https:\/\/persepolis-investments.com\/es\/wp-json\/wp\/v2\/pages\/7669\/revisions"}],"predecessor-version":[{"id":9168,"href":"https:\/\/persepolis-investments.com\/es\/wp-json\/wp\/v2\/pages\/7669\/revisions\/9168"}],"wp:attachment":[{"href":"https:\/\/persepolis-investments.com\/es\/wp-json\/wp\/v2\/media?parent=7669"}],"curies":[{"name":"wp","href":"https:\/\/api.w.org\/{rel}","templated":true}]}}