{"id":7672,"date":"2024-11-12T14:58:13","date_gmt":"2024-11-12T13:58:13","guid":{"rendered":"https:\/\/persepolis-investments.com\/noticias\/"},"modified":"2025-04-20T21:51:02","modified_gmt":"2025-04-20T19:51:02","slug":"noticias","status":"publish","type":"page","link":"https:\/\/persepolis-investments.com\/es\/noticias\/","title":{"rendered":"Noticias"},"content":{"rendered":"\t\t<div data-elementor-type=\"wp-page\" data-elementor-id=\"7672\" class=\"elementor elementor-7672 elementor-6950\" data-elementor-post-type=\"page\">\n\t\t\t\t<div class=\"elementor-element elementor-element-7a15d70 e-flex e-con-boxed e-con e-parent\" data-id=\"7a15d70\" data-element_type=\"container\">\n\t\t\t\t\t<div class=\"e-con-inner\">\n\t\t\t\t<div class=\"elementor-element elementor-element-7459d0e animated-slow elementor-invisible elementor-widget elementor-widget-heading\" data-id=\"7459d0e\" data-element_type=\"widget\" data-settings=\"{&quot;_animation&quot;:&quot;fadeIn&quot;,&quot;_animation_delay&quot;:300}\" data-widget_type=\"heading.default\">\n\t\t\t\t<div class=\"elementor-widget-container\">\n\t\t\t\t\t<h1 class=\"elementor-heading-title elementor-size-default\">NOTICIAS<\/h1>\t\t\t\t<\/div>\n\t\t\t\t<\/div>\n\t\t\t\t\t<\/div>\n\t\t\t\t<\/div>\n\t\t<div class=\"elementor-element elementor-element-e2b00bd e-flex e-con-boxed e-con e-parent\" data-id=\"e2b00bd\" data-element_type=\"container\">\n\t\t\t\t\t<div class=\"e-con-inner\">\n\t\t\t\t<div class=\"elementor-element elementor-element-e8cb8c9 e-n-tabs-none animated-slow elementor-invisible elementor-widget elementor-widget-n-tabs\" data-id=\"e8cb8c9\" data-element_type=\"widget\" data-settings=\"{&quot;tabs_justify_horizontal&quot;:&quot;start&quot;,&quot;_animation&quot;:&quot;fadeIn&quot;,&quot;_animation_delay&quot;:100,&quot;horizontal_scroll&quot;:&quot;disable&quot;}\" data-widget_type=\"nested-tabs.default\">\n\t\t\t\t<div class=\"elementor-widget-container\">\n\t\t\t\t\t\t\t<div class=\"e-n-tabs\" data-widget-number=\"244103369\" aria-label=\"Pesta\u00f1as. Abre elementos con Intro o Espacio, ci\u00e9rralos con Escape y navega con las fechas.\">\n\t\t\t<div class=\"e-n-tabs-heading\" role=\"tablist\">\n\t\t\t\t\t<button id=\"e-n-tab-title-2441033691\" class=\"e-n-tab-title\" aria-selected=\"true\" data-tab-index=\"1\" role=\"tab\" tabindex=\"0\" aria-controls=\"e-n-tab-content-2441033691\" style=\"--n-tabs-title-order: 1;\">\n\t\t\t\t\t\t<span class=\"e-n-tab-title-text\">\n\t\t\t\tPRENSA\t\t\t<\/span>\n\t\t<\/button>\n\t\t\t\t<button id=\"e-n-tab-title-2441033692\" class=\"e-n-tab-title\" aria-selected=\"false\" data-tab-index=\"2\" role=\"tab\" tabindex=\"-1\" aria-controls=\"e-n-tab-content-2441033692\" style=\"--n-tabs-title-order: 2;\">\n\t\t\t\t\t\t<span class=\"e-n-tab-title-text\">\n\t\t\t\tBLOG\t\t\t<\/span>\n\t\t<\/button>\n\t\t\t\t\t<\/div>\n\t\t\t<div class=\"e-n-tabs-content\">\n\t\t\t\t<div id=\"e-n-tab-content-2441033691\" role=\"tabpanel\" aria-labelledby=\"e-n-tab-title-2441033691\" data-tab-index=\"1\" style=\"--n-tabs-title-order: 1;\" class=\"e-active elementor-element elementor-element-e03bf00 e-con-full e-flex e-con e-child\" data-id=\"e03bf00\" data-element_type=\"container\">\n\t\t<div class=\"elementor-element elementor-element-5e779b9 e-flex e-con-boxed e-con e-child\" data-id=\"5e779b9\" data-element_type=\"container\">\n\t\t\t\t\t<div class=\"e-con-inner\">\n\t\t\t\t<div class=\"elementor-element elementor-element-1982408 elementor-arrows-position-inside elementor-widget elementor-widget-loop-carousel\" data-id=\"1982408\" data-element_type=\"widget\" data-settings=\"{&quot;template_id&quot;:6954,&quot;slides_to_show&quot;:&quot;4&quot;,&quot;image_spacing_custom&quot;:{&quot;unit&quot;:&quot;px&quot;,&quot;size&quot;:0,&quot;sizes&quot;:[]},&quot;slides_to_show_tablet&quot;:&quot;3&quot;,&quot;_skin&quot;:&quot;post&quot;,&quot;slides_to_show_mobile&quot;:&quot;1&quot;,&quot;slides_to_scroll&quot;:&quot;1&quot;,&quot;edit_handle_selector&quot;:&quot;.elementor-widget-container&quot;,&quot;autoplay&quot;:&quot;yes&quot;,&quot;autoplay_speed&quot;:5000,&quot;pause_on_hover&quot;:&quot;yes&quot;,&quot;pause_on_interaction&quot;:&quot;yes&quot;,&quot;infinite&quot;:&quot;yes&quot;,&quot;speed&quot;:500,&quot;offset_sides&quot;:&quot;none&quot;,&quot;arrows&quot;:&quot;yes&quot;,&quot;image_spacing_custom_tablet&quot;:{&quot;unit&quot;:&quot;px&quot;,&quot;size&quot;:&quot;&quot;,&quot;sizes&quot;:[]},&quot;image_spacing_custom_mobile&quot;:{&quot;unit&quot;:&quot;px&quot;,&quot;size&quot;:&quot;&quot;,&quot;sizes&quot;:[]}}\" data-widget_type=\"loop-carousel.post\">\n\t\t\t\t<div class=\"elementor-widget-container\">\n\t\t\t\t\t\t\t<div class=\"e-loop-nothing-found-message\">\n\t\t<\/div>\n\t\t\t\t\t\t<\/div>\n\t\t\t\t<\/div>\n\t\t\t\t\t<\/div>\n\t\t\t\t<\/div>\n\t\t\t\t<\/div>\n\t\t<div id=\"e-n-tab-content-2441033692\" role=\"tabpanel\" aria-labelledby=\"e-n-tab-title-2441033692\" data-tab-index=\"2\" style=\"--n-tabs-title-order: 2;\" class=\" elementor-element elementor-element-7878aae e-con-full e-flex e-con e-child\" data-id=\"7878aae\" data-element_type=\"container\">\n\t\t<div class=\"elementor-element elementor-element-0a0a2d3 e-con-full e-flex e-con e-child\" data-id=\"0a0a2d3\" data-element_type=\"container\">\n\t\t\t\t<div class=\"elementor-element elementor-element-4a13726 elementor-widget elementor-widget-loop-carousel\" data-id=\"4a13726\" data-element_type=\"widget\" data-settings=\"{&quot;template_id&quot;:6954,&quot;slides_to_show&quot;:&quot;4&quot;,&quot;image_spacing_custom&quot;:{&quot;unit&quot;:&quot;px&quot;,&quot;size&quot;:0,&quot;sizes&quot;:[]},&quot;_skin&quot;:&quot;post&quot;,&quot;slides_to_show_tablet&quot;:&quot;2&quot;,&quot;slides_to_show_mobile&quot;:&quot;1&quot;,&quot;slides_to_scroll&quot;:&quot;1&quot;,&quot;edit_handle_selector&quot;:&quot;.elementor-widget-container&quot;,&quot;autoplay&quot;:&quot;yes&quot;,&quot;autoplay_speed&quot;:5000,&quot;pause_on_hover&quot;:&quot;yes&quot;,&quot;pause_on_interaction&quot;:&quot;yes&quot;,&quot;infinite&quot;:&quot;yes&quot;,&quot;speed&quot;:500,&quot;offset_sides&quot;:&quot;none&quot;,&quot;image_spacing_custom_tablet&quot;:{&quot;unit&quot;:&quot;px&quot;,&quot;size&quot;:&quot;&quot;,&quot;sizes&quot;:[]},&quot;image_spacing_custom_mobile&quot;:{&quot;unit&quot;:&quot;px&quot;,&quot;size&quot;:&quot;&quot;,&quot;sizes&quot;:[]}}\" data-widget_type=\"loop-carousel.post\">\n\t\t\t\t<div class=\"elementor-widget-container\">\n\t\t\t\t\t\t\t<div class=\"e-loop-nothing-found-message\">\n\t\t<\/div>\n\t\t\t\t\t\t<\/div>\n\t\t\t\t<\/div>\n\t\t\t\t<\/div>\n\t\t\t\t<\/div>\n\t\t\t\t\t<\/div>\n\t\t<\/div>\n\t\t\t\t\t\t<\/div>\n\t\t\t\t<\/div>\n\t\t\t\t\t<\/div>\n\t\t\t\t<\/div>\n\t\t<div class=\"elementor-element elementor-element-f47d9ca e-con-full e-flex e-con e-parent\" data-id=\"f47d9ca\" data-element_type=\"container\">\n\t\t\t\t<div class=\"elementor-element elementor-element-e64cbb6 animated-slow elementor-invisible elementor-widget elementor-widget-progress\" data-id=\"e64cbb6\" data-element_type=\"widget\" data-settings=\"{&quot;_animation&quot;:&quot;fadeIn&quot;}\" data-widget_type=\"progress.default\">\n\t\t\t\t<div class=\"elementor-widget-container\">\n\t\t\t\t\t\n\t\t<div class=\"elementor-progress-wrapper\" role=\"progressbar\" aria-valuemin=\"0\" aria-valuemax=\"100\" aria-valuenow=\"100\">\n\t\t\t<div class=\"elementor-progress-bar\" data-max=\"100\">\n\t\t\t\t<span class=\"elementor-progress-text\"><\/span>\n\t\t\t\t\t\t\t<\/div>\n\t\t<\/div>\n\t\t\t\t\t\t<\/div>\n\t\t\t\t<\/div>\n\t\t\t\t<\/div>\n\t\t<div class=\"elementor-element elementor-element-7fb0a0a e-flex e-con-boxed e-con e-parent\" data-id=\"7fb0a0a\" data-element_type=\"container\">\n\t\t\t\t\t<div class=\"e-con-inner\">\n\t\t<div class=\"elementor-element elementor-element-b8b8f63 e-con-full e-flex e-con e-child\" data-id=\"b8b8f63\" data-element_type=\"container\">\n\t\t\t\t<div class=\"elementor-element elementor-element-5d11153 animated-slow elementor-invisible elementor-widget elementor-widget-heading\" data-id=\"5d11153\" data-element_type=\"widget\" data-settings=\"{&quot;_animation&quot;:&quot;fadeIn&quot;,&quot;_animation_delay&quot;:100}\" data-widget_type=\"heading.default\">\n\t\t\t\t<div class=\"elementor-widget-container\">\n\t\t\t\t\t<h3 class=\"elementor-heading-title elementor-size-default\">\u00daNETE AL EQUIPO<\/h3>\t\t\t\t<\/div>\n\t\t\t\t<\/div>\n\t\t\t\t<\/div>\n\t\t<div class=\"elementor-element elementor-element-e53b980 e-con-full e-flex e-con e-child\" data-id=\"e53b980\" data-element_type=\"container\">\n\t\t\t\t<div class=\"elementor-element elementor-element-72f84d9 animated-slow elementor-invisible elementor-widget elementor-widget-heading\" data-id=\"72f84d9\" data-element_type=\"widget\" data-settings=\"{&quot;_animation&quot;:&quot;fadeIn&quot;,&quot;_animation_delay&quot;:100}\" data-widget_type=\"heading.default\">\n\t\t\t\t<div class=\"elementor-widget-container\">\n\t\t\t\t\t<h2 class=\"elementor-heading-title elementor-size-default\">Libera tu potencial y convi\u00e9rtete en una fuerza impulsora del cambio<\/h2>\t\t\t\t<\/div>\n\t\t\t\t<\/div>\n\t\t\t\t<\/div>\n\t\t\t\t\t<\/div>\n\t\t\t\t<\/div>\n\t\t<div class=\"elementor-element elementor-element-6c566c3 animated-slow e-flex e-con-boxed elementor-invisible e-con e-parent\" data-id=\"6c566c3\" data-element_type=\"container\" data-settings=\"{&quot;animation&quot;:&quot;fadeIn&quot;}\">\n\t\t\t\t\t<div class=\"e-con-inner\">\n\t\t\t\t<div class=\"elementor-element elementor-element-6d70f8d elementor-grid-1 elementor-grid-tablet-1 elementor-grid-mobile-1 elementor-widget elementor-widget-loop-grid\" data-id=\"6d70f8d\" data-element_type=\"widget\" data-settings=\"{&quot;template_id&quot;:6977,&quot;columns&quot;:1,&quot;row_gap&quot;:{&quot;unit&quot;:&quot;px&quot;,&quot;size&quot;:0,&quot;sizes&quot;:[]},&quot;columns_tablet&quot;:1,&quot;_skin&quot;:&quot;post&quot;,&quot;columns_mobile&quot;:&quot;1&quot;,&quot;edit_handle_selector&quot;:&quot;[data-elementor-type=\\&quot;loop-item\\&quot;]&quot;,&quot;row_gap_tablet&quot;:{&quot;unit&quot;:&quot;px&quot;,&quot;size&quot;:&quot;&quot;,&quot;sizes&quot;:[]},&quot;row_gap_mobile&quot;:{&quot;unit&quot;:&quot;px&quot;,&quot;size&quot;:&quot;&quot;,&quot;sizes&quot;:[]}}\" data-widget_type=\"loop-grid.post\">\n\t\t\t\t<div class=\"elementor-widget-container\">\n\t\t\t\t\t\t\t<div class=\"e-loop-nothing-found-message\">\n\t\t<\/div>\n\t\t\t\t\t\t<\/div>\n\t\t\t\t<\/div>\n\t\t\t\t\t<\/div>\n\t\t\t\t<\/div>\n\t\t\t\t<\/div>\n\t\t","protected":false},"excerpt":{"rendered":"<p>NOTICIAS PRENSA BLOG 11\/02\/2024 11\/02\/2024 11\/11\/2023 15\/11\/2022 01\/05\/2021 08\/02\/2021 24\/03\/2023 \u00daNETE AL EQUIPO Libera tu potencial y convi\u00e9rtete en una fuerza impulsora del cambio<\/p>\n","protected":false},"author":15,"featured_media":0,"parent":0,"menu_order":0,"comment_status":"closed","ping_status":"closed","template":"elementor_header_footer","meta":{"_acf_changed":false,"content-type":"","footnotes":""},"class_list":["post-7672","page","type-page","status-publish","hentry"],"acf":[],"yoast_head":"<!-- This site is optimized with the Yoast SEO plugin v26.4 - https:\/\/yoast.com\/wordpress\/plugins\/seo\/ -->\n<title>\u00daltimas noticias y \u00fanete al equipo | Perspepolis Investments<\/title>\n<meta name=\"description\" content=\"Descubre nuestras \u00faltimas noticias y blog. Libera tu potencial y convi\u00e9rtete en un motor de cambio uni\u00e9ndote a nuestro equipo.\" \/>\n<meta name=\"robots\" content=\"index, follow, max-snippet:-1, max-image-preview:large, max-video-preview:-1\" \/>\n<link rel=\"canonical\" href=\"https:\/\/persepolis-investments.com\/es\/noticias\/\" \/>\n<meta property=\"og:locale\" content=\"es_ES\" \/>\n<meta property=\"og:type\" content=\"article\" \/>\n<meta property=\"og:title\" content=\"\u00daltimas noticias y \u00fanete al equipo | Perspepolis Investments\" \/>\n<meta property=\"og:description\" content=\"Descubre nuestras \u00faltimas noticias y blog. Libera tu potencial y convi\u00e9rtete en un motor de cambio uni\u00e9ndote a nuestro equipo.\" \/>\n<meta property=\"og:url\" content=\"https:\/\/persepolis-investments.com\/es\/noticias\/\" \/>\n<meta property=\"og:site_name\" content=\"Perspepolis Investments\" \/>\n<meta property=\"article:modified_time\" content=\"2025-04-20T19:51:02+00:00\" \/>\n<meta name=\"twitter:card\" content=\"summary_large_image\" \/>\n<script type=\"application\/ld+json\" class=\"yoast-schema-graph\">{\"@context\":\"https:\/\/schema.org\",\"@graph\":[{\"@type\":\"WebPage\",\"@id\":\"https:\/\/persepolis-investments.com\/es\/noticias\/\",\"url\":\"https:\/\/persepolis-investments.com\/es\/noticias\/\",\"name\":\"\u00daltimas noticias y \u00fanete al equipo | Perspepolis Investments\",\"isPartOf\":{\"@id\":\"https:\/\/persepolis-investments.com\/es\/#website\"},\"datePublished\":\"2024-11-12T13:58:13+00:00\",\"dateModified\":\"2025-04-20T19:51:02+00:00\",\"description\":\"Descubre nuestras \u00faltimas noticias y blog. Libera tu potencial y convi\u00e9rtete en un motor de cambio uni\u00e9ndote a nuestro equipo.\",\"breadcrumb\":{\"@id\":\"https:\/\/persepolis-investments.com\/es\/noticias\/#breadcrumb\"},\"inLanguage\":\"es\",\"potentialAction\":[{\"@type\":\"ReadAction\",\"target\":[\"https:\/\/persepolis-investments.com\/es\/noticias\/\"]}]},{\"@type\":\"BreadcrumbList\",\"@id\":\"https:\/\/persepolis-investments.com\/es\/noticias\/#breadcrumb\",\"itemListElement\":[{\"@type\":\"ListItem\",\"position\":1,\"name\":\"Home\",\"item\":\"https:\/\/persepolis-investments.com\/es\/inicio\/\"},{\"@type\":\"ListItem\",\"position\":2,\"name\":\"Noticias\"}]},{\"@type\":\"WebSite\",\"@id\":\"https:\/\/persepolis-investments.com\/es\/#website\",\"url\":\"https:\/\/persepolis-investments.com\/es\/\",\"name\":\"Perspepolis Investments\",\"description\":\"Profitability, rigor and sustainability\",\"potentialAction\":[{\"@type\":\"SearchAction\",\"target\":{\"@type\":\"EntryPoint\",\"urlTemplate\":\"https:\/\/persepolis-investments.com\/es\/?s={search_term_string}\"},\"query-input\":{\"@type\":\"PropertyValueSpecification\",\"valueRequired\":true,\"valueName\":\"search_term_string\"}}],\"inLanguage\":\"es\"}]}<\/script>\n<!-- \/ Yoast SEO plugin. -->","yoast_head_json":{"title":"\u00daltimas noticias y \u00fanete al equipo | Perspepolis Investments","description":"Descubre nuestras \u00faltimas noticias y blog. Libera tu potencial y convi\u00e9rtete en un motor de cambio uni\u00e9ndote a nuestro equipo.","robots":{"index":"index","follow":"follow","max-snippet":"max-snippet:-1","max-image-preview":"max-image-preview:large","max-video-preview":"max-video-preview:-1"},"canonical":"https:\/\/persepolis-investments.com\/es\/noticias\/","og_locale":"es_ES","og_type":"article","og_title":"\u00daltimas noticias y \u00fanete al equipo | Perspepolis Investments","og_description":"Descubre nuestras \u00faltimas noticias y blog. Libera tu potencial y convi\u00e9rtete en un motor de cambio uni\u00e9ndote a nuestro equipo.","og_url":"https:\/\/persepolis-investments.com\/es\/noticias\/","og_site_name":"Perspepolis Investments","article_modified_time":"2025-04-20T19:51:02+00:00","twitter_card":"summary_large_image","schema":{"@context":"https:\/\/schema.org","@graph":[{"@type":"WebPage","@id":"https:\/\/persepolis-investments.com\/es\/noticias\/","url":"https:\/\/persepolis-investments.com\/es\/noticias\/","name":"\u00daltimas noticias y \u00fanete al equipo | Perspepolis Investments","isPartOf":{"@id":"https:\/\/persepolis-investments.com\/es\/#website"},"datePublished":"2024-11-12T13:58:13+00:00","dateModified":"2025-04-20T19:51:02+00:00","description":"Descubre nuestras \u00faltimas noticias y blog. Libera tu potencial y convi\u00e9rtete en un motor de cambio uni\u00e9ndote a nuestro equipo.","breadcrumb":{"@id":"https:\/\/persepolis-investments.com\/es\/noticias\/#breadcrumb"},"inLanguage":"es","potentialAction":[{"@type":"ReadAction","target":["https:\/\/persepolis-investments.com\/es\/noticias\/"]}]},{"@type":"BreadcrumbList","@id":"https:\/\/persepolis-investments.com\/es\/noticias\/#breadcrumb","itemListElement":[{"@type":"ListItem","position":1,"name":"Home","item":"https:\/\/persepolis-investments.com\/es\/inicio\/"},{"@type":"ListItem","position":2,"name":"Noticias"}]},{"@type":"WebSite","@id":"https:\/\/persepolis-investments.com\/es\/#website","url":"https:\/\/persepolis-investments.com\/es\/","name":"Perspepolis Investments","description":"Profitability, rigor and sustainability","potentialAction":[{"@type":"SearchAction","target":{"@type":"EntryPoint","urlTemplate":"https:\/\/persepolis-investments.com\/es\/?s={search_term_string}"},"query-input":{"@type":"PropertyValueSpecification","valueRequired":true,"valueName":"search_term_string"}}],"inLanguage":"es"}]}},"_links":{"self":[{"href":"https:\/\/persepolis-investments.com\/es\/wp-json\/wp\/v2\/pages\/7672","targetHints":{"allow":["GET"]}}],"collection":[{"href":"https:\/\/persepolis-investments.com\/es\/wp-json\/wp\/v2\/pages"}],"about":[{"href":"https:\/\/persepolis-investments.com\/es\/wp-json\/wp\/v2\/types\/page"}],"author":[{"embeddable":true,"href":"https:\/\/persepolis-investments.com\/es\/wp-json\/wp\/v2\/users\/15"}],"replies":[{"embeddable":true,"href":"https:\/\/persepolis-investments.com\/es\/wp-json\/wp\/v2\/comments?post=7672"}],"version-history":[{"count":3,"href":"https:\/\/persepolis-investments.com\/es\/wp-json\/wp\/v2\/pages\/7672\/revisions"}],"predecessor-version":[{"id":8807,"href":"https:\/\/persepolis-investments.com\/es\/wp-json\/wp\/v2\/pages\/7672\/revisions\/8807"}],"wp:attachment":[{"href":"https:\/\/persepolis-investments.com\/es\/wp-json\/wp\/v2\/media?parent=7672"}],"curies":[{"name":"wp","href":"https:\/\/api.w.org\/{rel}","templated":true}]}}