{"id":7674,"date":"2024-11-12T14:59:42","date_gmt":"2024-11-12T13:59:42","guid":{"rendered":"https:\/\/persepolis-investments.com\/proyectos-padilla-32\/"},"modified":"2025-04-04T12:31:24","modified_gmt":"2025-04-04T10:31:24","slug":"proyectos-padilla-32","status":"publish","type":"page","link":"https:\/\/persepolis-investments.com\/es\/proyectos-padilla-32\/","title":{"rendered":"Proyectos \u2013 Padilla 32"},"content":{"rendered":"\t\t<div data-elementor-type=\"wp-page\" data-elementor-id=\"7674\" class=\"elementor elementor-7674 elementor-7073\" data-elementor-post-type=\"page\">\n\t\t\t\t<div class=\"elementor-element elementor-element-cdc83f0 e-flex e-con-boxed e-con e-parent\" data-id=\"cdc83f0\" data-element_type=\"container\">\n\t\t\t\t\t<div class=\"e-con-inner\">\n\t\t<div class=\"elementor-element elementor-element-6b08982 e-con-full animated-slow e-flex elementor-invisible e-con e-child\" data-id=\"6b08982\" data-element_type=\"container\" data-settings=\"{&quot;animation&quot;:&quot;fadeIn&quot;,&quot;animation_delay&quot;:250}\">\n\t\t\t\t<div class=\"elementor-element elementor-element-1c8e6ab animated-fast elementor-invisible elementor-widget elementor-widget-heading\" data-id=\"1c8e6ab\" data-element_type=\"widget\" data-settings=\"{&quot;_animation&quot;:&quot;fadeInUp&quot;,&quot;_animation_delay&quot;:100}\" data-widget_type=\"heading.default\">\n\t\t\t\t<div class=\"elementor-widget-container\">\n\t\t\t\t\t<h1 class=\"elementor-heading-title elementor-size-default\">Banyan Tree Padilla Madrid Residences <\/h1>\t\t\t\t<\/div>\n\t\t\t\t<\/div>\n\t\t\t\t<\/div>\n\t\t\t\t\t<\/div>\n\t\t\t\t<\/div>\n\t\t<div class=\"elementor-element elementor-element-215867f e-con-full animated-slow e-flex elementor-invisible e-con e-parent\" data-id=\"215867f\" data-element_type=\"container\" data-settings=\"{&quot;background_background&quot;:&quot;classic&quot;,&quot;animation&quot;:&quot;fadeIn&quot;}\">\n\t\t\t\t<\/div>\n\t\t<div class=\"elementor-element elementor-element-bddadc6 e-flex e-con-boxed e-con e-parent\" data-id=\"bddadc6\" data-element_type=\"container\">\n\t\t\t\t\t<div class=\"e-con-inner\">\n\t\t<div class=\"elementor-element elementor-element-eccb847 e-con-full animated-slow e-flex elementor-invisible e-con e-child\" data-id=\"eccb847\" data-element_type=\"container\" data-settings=\"{&quot;animation&quot;:&quot;fadeIn&quot;}\">\n\t\t<div class=\"elementor-element elementor-element-01bd1ea e-con-full e-flex e-con e-child\" data-id=\"01bd1ea\" data-element_type=\"container\">\n\t\t\t\t<div class=\"elementor-element elementor-element-2bfa518 elementor-widget elementor-widget-heading\" data-id=\"2bfa518\" data-element_type=\"widget\" data-widget_type=\"heading.default\">\n\t\t\t\t<div class=\"elementor-widget-container\">\n\t\t\t\t\t<p class=\"elementor-heading-title elementor-size-default\">LOCALIZACI\u00d3N<\/p>\t\t\t\t<\/div>\n\t\t\t\t<\/div>\n\t\t\t\t<div class=\"elementor-element elementor-element-639a429 elementor-widget elementor-widget-heading\" data-id=\"639a429\" data-element_type=\"widget\" data-widget_type=\"heading.default\">\n\t\t\t\t<div class=\"elementor-widget-container\">\n\t\t\t\t\t<p class=\"elementor-heading-title elementor-size-default\">Barrio de Salamanca<\/p>\t\t\t\t<\/div>\n\t\t\t\t<\/div>\n\t\t\t\t<\/div>\n\t\t<div class=\"elementor-element elementor-element-8a20d78 e-con-full e-grid e-con e-child\" data-id=\"8a20d78\" data-element_type=\"container\">\n\t\t<div class=\"elementor-element elementor-element-6fceb90 e-con-full e-flex e-con e-child\" data-id=\"6fceb90\" data-element_type=\"container\">\n\t\t\t\t<div class=\"elementor-element elementor-element-fe8d6a3 elementor-widget elementor-widget-heading\" data-id=\"fe8d6a3\" data-element_type=\"widget\" data-widget_type=\"heading.default\">\n\t\t\t\t<div class=\"elementor-widget-container\">\n\t\t\t\t\t<p class=\"elementor-heading-title elementor-size-default\">ARQUITECTO<\/p>\t\t\t\t<\/div>\n\t\t\t\t<\/div>\n\t\t\t\t<div class=\"elementor-element elementor-element-3329f14 elementor-widget elementor-widget-heading\" data-id=\"3329f14\" data-element_type=\"widget\" data-widget_type=\"heading.default\">\n\t\t\t\t<div class=\"elementor-widget-container\">\n\t\t\t\t\t<p class=\"elementor-heading-title elementor-size-default\">Julio Touza Sacrist\u00e1n<\/p>\t\t\t\t<\/div>\n\t\t\t\t<\/div>\n\t\t\t\t<\/div>\n\t\t<div class=\"elementor-element elementor-element-c20bb41 e-con-full e-flex e-con e-child\" data-id=\"c20bb41\" data-element_type=\"container\">\n\t\t\t\t<div class=\"elementor-element elementor-element-a6a016a elementor-widget elementor-widget-heading\" data-id=\"a6a016a\" data-element_type=\"widget\" data-widget_type=\"heading.default\">\n\t\t\t\t<div class=\"elementor-widget-container\">\n\t\t\t\t\t<p class=\"elementor-heading-title elementor-size-default\">DISE\u00d1ADOR DE INTERIORES<\/p>\t\t\t\t<\/div>\n\t\t\t\t<\/div>\n\t\t\t\t<div class=\"elementor-element elementor-element-9c6743f elementor-widget elementor-widget-heading\" data-id=\"9c6743f\" data-element_type=\"widget\" data-widget_type=\"heading.default\">\n\t\t\t\t<div class=\"elementor-widget-container\">\n\t\t\t\t\t<p class=\"elementor-heading-title elementor-size-default\">Caramba Estudio<\/p>\t\t\t\t<\/div>\n\t\t\t\t<\/div>\n\t\t\t\t<\/div>\n\t\t\t\t<\/div>\n\t\t<div class=\"elementor-element elementor-element-8ffdc0c e-con-full e-flex e-con e-child\" data-id=\"8ffdc0c\" data-element_type=\"container\">\n\t\t\t\t<div class=\"elementor-element elementor-element-daebdbf elementor-widget elementor-widget-heading\" data-id=\"daebdbf\" data-element_type=\"widget\" data-widget_type=\"heading.default\">\n\t\t\t\t<div class=\"elementor-widget-container\">\n\t\t\t\t\t<p class=\"elementor-heading-title elementor-size-default\">INFORMACI\u00d3N DE CONTACTO<\/p>\t\t\t\t<\/div>\n\t\t\t\t<\/div>\n\t\t\t\t<div class=\"elementor-element elementor-element-987e7f9 elementor-widget elementor-widget-heading\" data-id=\"987e7f9\" data-element_type=\"widget\" data-widget_type=\"heading.default\">\n\t\t\t\t<div class=\"elementor-widget-container\">\n\t\t\t\t\t<p class=\"elementor-heading-title elementor-size-default\"><a href=\"tel:+34912975560\">+34 912 97 55 60<\/a><\/p>\t\t\t\t<\/div>\n\t\t\t\t<\/div>\n\t\t\t\t<div class=\"elementor-element elementor-element-0872102 elementor-widget elementor-widget-heading\" data-id=\"0872102\" data-element_type=\"widget\" data-widget_type=\"heading.default\">\n\t\t\t\t<div class=\"elementor-widget-container\">\n\t\t\t\t\t<p class=\"elementor-heading-title elementor-size-default\"><a href=\"mailto:sales@padillaresidences32.com\">sales@padillaresidences32.com<\/a><\/p>\t\t\t\t<\/div>\n\t\t\t\t<\/div>\n\t\t\t\t<\/div>\n\t\t\t\t<\/div>\n\t\t<div class=\"elementor-element elementor-element-7893de8 e-con-full e-flex e-con e-child\" data-id=\"7893de8\" data-element_type=\"container\">\n\t\t\t\t<div class=\"elementor-element elementor-element-79e4153 animated-slow elementor-invisible elementor-widget elementor-widget-heading\" data-id=\"79e4153\" data-element_type=\"widget\" data-settings=\"{&quot;_animation&quot;:&quot;fadeIn&quot;,&quot;_animation_delay&quot;:100}\" data-widget_type=\"heading.default\">\n\t\t\t\t<div class=\"elementor-widget-container\">\n\t\t\t\t\t<h2 class=\"elementor-heading-title elementor-size-default\">Una obra original del reconocido arquitecto Guti\u00e9rrez Soto, que ha sido revitalizada para ofrecer magn\u00edficas residencias de vanguardia, que mantienen su esencia tradicional.<\/h2>\t\t\t\t<\/div>\n\t\t\t\t<\/div>\n\t\t\t\t<div class=\"elementor-element elementor-element-e73063c animated-slow elementor-invisible elementor-widget elementor-widget-text-editor\" data-id=\"e73063c\" data-element_type=\"widget\" data-settings=\"{&quot;_animation&quot;:&quot;fadeIn&quot;,&quot;_animation_delay&quot;:100}\" data-widget_type=\"text-editor.default\">\n\t\t\t\t<div class=\"elementor-widget-container\">\n\t\t\t\t\t\t\t\t\t<p>Un proyecto extraordinario dirigido por el prestigioso arquitecto Julio Touza Sacrist\u00e1n, junto al interiorismo de Caramba Estudio, donde los propietarios podr\u00e1n vivir momentos memorables gracias a su inigualable selecci\u00f3n de amenities y servicios: desde desconectar en el maravilloso spa con piscina, dar un paseo al aire libre por el jard\u00edn o aprovechar la ma\u00f1ana en el gimnasio. Padilla 32 es el hogar perfecto para los amantes de la belleza y el buen vivir. <\/p>\t\t\t\t\t\t\t\t<\/div>\n\t\t\t\t<\/div>\n\t\t\t\t<\/div>\n\t\t\t\t\t<\/div>\n\t\t\t\t<\/div>\n\t\t<div class=\"elementor-element elementor-element-26d560c e-con-full e-flex e-con e-parent\" data-id=\"26d560c\" data-element_type=\"container\">\n\t\t<div class=\"elementor-element elementor-element-697fcfd e-con-full animated-slow e-flex elementor-invisible e-con e-child\" data-id=\"697fcfd\" data-element_type=\"container\" data-settings=\"{&quot;background_background&quot;:&quot;classic&quot;,&quot;animation&quot;:&quot;fadeIn&quot;}\">\n\t\t\t\t<\/div>\n\t\t<div class=\"elementor-element elementor-element-ca70090 e-con-full animated-slow e-flex elementor-invisible e-con e-child\" data-id=\"ca70090\" data-element_type=\"container\" data-settings=\"{&quot;background_background&quot;:&quot;classic&quot;,&quot;animation&quot;:&quot;fadeIn&quot;,&quot;animation_delay&quot;:100}\">\n\t\t\t\t<\/div>\n\t\t\t\t<\/div>\n\t\t\t\t<\/div>\n\t\t","protected":false},"excerpt":{"rendered":"<p>Banyan Tree Padilla Madrid Residences LOCALIZACI\u00d3N Barrio de Salamanca ARQUITECTO Julio Touza Sacrist\u00e1n DISE\u00d1ADOR DE INTERIORES Caramba Estudio INFORMACI\u00d3N DE CONTACTO +34 912 97 55 60 sales@padillaresidences32.com Una obra original del reconocido arquitecto Guti\u00e9rrez Soto, que ha sido revitalizada para ofrecer magn\u00edficas residencias de vanguardia, que mantienen su esencia tradicional. Un proyecto extraordinario dirigido por [&hellip;]<\/p>\n","protected":false},"author":15,"featured_media":0,"parent":0,"menu_order":0,"comment_status":"closed","ping_status":"closed","template":"elementor_header_footer","meta":{"_acf_changed":false,"content-type":"","footnotes":""},"class_list":["post-7674","page","type-page","status-publish","hentry"],"acf":[],"yoast_head":"<!-- This site is optimized with the Yoast SEO plugin v26.4 - https:\/\/yoast.com\/wordpress\/plugins\/seo\/ -->\n<title>Proyectos \u2013 Padilla 32 - Perspepolis Investments<\/title>\n<meta name=\"description\" content=\"Banyan Tree Padilla Madrid Residences LOCALIZACI\u00d3N Barrio de Salamanca ARQUITECTO Julio Touza Sacrist\u00e1n DISE\u00d1ADOR DE INTERIORES Caramba Estudio\" \/>\n<meta name=\"robots\" content=\"index, follow, max-snippet:-1, max-image-preview:large, max-video-preview:-1\" \/>\n<link rel=\"canonical\" href=\"https:\/\/persepolis-investments.com\/es\/proyectos-padilla-32\/\" \/>\n<meta property=\"og:locale\" content=\"es_ES\" \/>\n<meta property=\"og:type\" content=\"article\" \/>\n<meta property=\"og:title\" content=\"Proyectos \u2013 Padilla 32 - Perspepolis Investments\" \/>\n<meta property=\"og:description\" content=\"Banyan Tree Padilla Madrid Residences LOCALIZACI\u00d3N Barrio de Salamanca ARQUITECTO Julio Touza Sacrist\u00e1n DISE\u00d1ADOR DE INTERIORES Caramba Estudio\" \/>\n<meta property=\"og:url\" content=\"https:\/\/persepolis-investments.com\/es\/proyectos-padilla-32\/\" \/>\n<meta property=\"og:site_name\" content=\"Perspepolis Investments\" \/>\n<meta property=\"article:modified_time\" content=\"2025-04-04T10:31:24+00:00\" \/>\n<meta name=\"twitter:card\" content=\"summary_large_image\" \/>\n<meta name=\"twitter:label1\" content=\"Tiempo de lectura\" \/>\n\t<meta name=\"twitter:data1\" content=\"1 minuto\" \/>\n<script type=\"application\/ld+json\" class=\"yoast-schema-graph\">{\"@context\":\"https:\/\/schema.org\",\"@graph\":[{\"@type\":\"WebPage\",\"@id\":\"https:\/\/persepolis-investments.com\/es\/proyectos-padilla-32\/\",\"url\":\"https:\/\/persepolis-investments.com\/es\/proyectos-padilla-32\/\",\"name\":\"Proyectos \u2013 Padilla 32 - Perspepolis Investments\",\"isPartOf\":{\"@id\":\"https:\/\/persepolis-investments.com\/es\/#website\"},\"datePublished\":\"2024-11-12T13:59:42+00:00\",\"dateModified\":\"2025-04-04T10:31:24+00:00\",\"description\":\"Banyan Tree Padilla Madrid Residences LOCALIZACI\u00d3N Barrio de Salamanca ARQUITECTO Julio Touza Sacrist\u00e1n DISE\u00d1ADOR DE INTERIORES Caramba Estudio\",\"breadcrumb\":{\"@id\":\"https:\/\/persepolis-investments.com\/es\/proyectos-padilla-32\/#breadcrumb\"},\"inLanguage\":\"es\",\"potentialAction\":[{\"@type\":\"ReadAction\",\"target\":[\"https:\/\/persepolis-investments.com\/es\/proyectos-padilla-32\/\"]}]},{\"@type\":\"BreadcrumbList\",\"@id\":\"https:\/\/persepolis-investments.com\/es\/proyectos-padilla-32\/#breadcrumb\",\"itemListElement\":[{\"@type\":\"ListItem\",\"position\":1,\"name\":\"Home\",\"item\":\"https:\/\/persepolis-investments.com\/es\/inicio\/\"},{\"@type\":\"ListItem\",\"position\":2,\"name\":\"Proyectos \u2013 Padilla 32\"}]},{\"@type\":\"WebSite\",\"@id\":\"https:\/\/persepolis-investments.com\/es\/#website\",\"url\":\"https:\/\/persepolis-investments.com\/es\/\",\"name\":\"Perspepolis Investments\",\"description\":\"Profitability, rigor and sustainability\",\"potentialAction\":[{\"@type\":\"SearchAction\",\"target\":{\"@type\":\"EntryPoint\",\"urlTemplate\":\"https:\/\/persepolis-investments.com\/es\/?s={search_term_string}\"},\"query-input\":{\"@type\":\"PropertyValueSpecification\",\"valueRequired\":true,\"valueName\":\"search_term_string\"}}],\"inLanguage\":\"es\"}]}<\/script>\n<!-- \/ Yoast SEO plugin. -->","yoast_head_json":{"title":"Proyectos \u2013 Padilla 32 - Perspepolis Investments","description":"Banyan Tree Padilla Madrid Residences LOCALIZACI\u00d3N Barrio de Salamanca ARQUITECTO Julio Touza Sacrist\u00e1n DISE\u00d1ADOR DE INTERIORES Caramba Estudio","robots":{"index":"index","follow":"follow","max-snippet":"max-snippet:-1","max-image-preview":"max-image-preview:large","max-video-preview":"max-video-preview:-1"},"canonical":"https:\/\/persepolis-investments.com\/es\/proyectos-padilla-32\/","og_locale":"es_ES","og_type":"article","og_title":"Proyectos \u2013 Padilla 32 - Perspepolis Investments","og_description":"Banyan Tree Padilla Madrid Residences LOCALIZACI\u00d3N Barrio de Salamanca ARQUITECTO Julio Touza Sacrist\u00e1n DISE\u00d1ADOR DE INTERIORES Caramba Estudio","og_url":"https:\/\/persepolis-investments.com\/es\/proyectos-padilla-32\/","og_site_name":"Perspepolis Investments","article_modified_time":"2025-04-04T10:31:24+00:00","twitter_card":"summary_large_image","twitter_misc":{"Tiempo de lectura":"1 minuto"},"schema":{"@context":"https:\/\/schema.org","@graph":[{"@type":"WebPage","@id":"https:\/\/persepolis-investments.com\/es\/proyectos-padilla-32\/","url":"https:\/\/persepolis-investments.com\/es\/proyectos-padilla-32\/","name":"Proyectos \u2013 Padilla 32 - Perspepolis Investments","isPartOf":{"@id":"https:\/\/persepolis-investments.com\/es\/#website"},"datePublished":"2024-11-12T13:59:42+00:00","dateModified":"2025-04-04T10:31:24+00:00","description":"Banyan Tree Padilla Madrid Residences LOCALIZACI\u00d3N Barrio de Salamanca ARQUITECTO Julio Touza Sacrist\u00e1n DISE\u00d1ADOR DE INTERIORES Caramba Estudio","breadcrumb":{"@id":"https:\/\/persepolis-investments.com\/es\/proyectos-padilla-32\/#breadcrumb"},"inLanguage":"es","potentialAction":[{"@type":"ReadAction","target":["https:\/\/persepolis-investments.com\/es\/proyectos-padilla-32\/"]}]},{"@type":"BreadcrumbList","@id":"https:\/\/persepolis-investments.com\/es\/proyectos-padilla-32\/#breadcrumb","itemListElement":[{"@type":"ListItem","position":1,"name":"Home","item":"https:\/\/persepolis-investments.com\/es\/inicio\/"},{"@type":"ListItem","position":2,"name":"Proyectos \u2013 Padilla 32"}]},{"@type":"WebSite","@id":"https:\/\/persepolis-investments.com\/es\/#website","url":"https:\/\/persepolis-investments.com\/es\/","name":"Perspepolis Investments","description":"Profitability, rigor and sustainability","potentialAction":[{"@type":"SearchAction","target":{"@type":"EntryPoint","urlTemplate":"https:\/\/persepolis-investments.com\/es\/?s={search_term_string}"},"query-input":{"@type":"PropertyValueSpecification","valueRequired":true,"valueName":"search_term_string"}}],"inLanguage":"es"}]}},"_links":{"self":[{"href":"https:\/\/persepolis-investments.com\/es\/wp-json\/wp\/v2\/pages\/7674","targetHints":{"allow":["GET"]}}],"collection":[{"href":"https:\/\/persepolis-investments.com\/es\/wp-json\/wp\/v2\/pages"}],"about":[{"href":"https:\/\/persepolis-investments.com\/es\/wp-json\/wp\/v2\/types\/page"}],"author":[{"embeddable":true,"href":"https:\/\/persepolis-investments.com\/es\/wp-json\/wp\/v2\/users\/15"}],"replies":[{"embeddable":true,"href":"https:\/\/persepolis-investments.com\/es\/wp-json\/wp\/v2\/comments?post=7674"}],"version-history":[{"count":2,"href":"https:\/\/persepolis-investments.com\/es\/wp-json\/wp\/v2\/pages\/7674\/revisions"}],"predecessor-version":[{"id":8768,"href":"https:\/\/persepolis-investments.com\/es\/wp-json\/wp\/v2\/pages\/7674\/revisions\/8768"}],"wp:attachment":[{"href":"https:\/\/persepolis-investments.com\/es\/wp-json\/wp\/v2\/media?parent=7674"}],"curies":[{"name":"wp","href":"https:\/\/api.w.org\/{rel}","templated":true}]}}