{"id":7675,"date":"2024-11-12T14:59:50","date_gmt":"2024-11-12T13:59:50","guid":{"rendered":"https:\/\/persepolis-investments.com\/proyectos-palacio-torre-almiranta\/"},"modified":"2025-04-04T12:32:16","modified_gmt":"2025-04-04T10:32:16","slug":"proyectos-palacio-torre-almiranta","status":"publish","type":"page","link":"https:\/\/persepolis-investments.com\/es\/proyectos-palacio-torre-almiranta\/","title":{"rendered":"Proyectos \u2013 Palacio Torre-Almiranta"},"content":{"rendered":"\t\t<div data-elementor-type=\"wp-page\" data-elementor-id=\"7675\" class=\"elementor elementor-7675 elementor-7054\" data-elementor-post-type=\"page\">\n\t\t\t\t<div class=\"elementor-element elementor-element-7cff702 e-flex e-con-boxed e-con e-parent\" data-id=\"7cff702\" data-element_type=\"container\">\n\t\t\t\t\t<div class=\"e-con-inner\">\n\t\t<div class=\"elementor-element elementor-element-5579ff2 e-con-full animated-slow e-flex elementor-invisible e-con e-child\" data-id=\"5579ff2\" data-element_type=\"container\" data-settings=\"{&quot;animation&quot;:&quot;fadeIn&quot;,&quot;animation_delay&quot;:250}\">\n\t\t\t\t<div class=\"elementor-element elementor-element-d9edadd animated-fast elementor-invisible elementor-widget elementor-widget-heading\" data-id=\"d9edadd\" data-element_type=\"widget\" data-settings=\"{&quot;_animation&quot;:&quot;fadeInUp&quot;,&quot;_animation_delay&quot;:200}\" data-widget_type=\"heading.default\">\n\t\t\t\t<div class=\"elementor-widget-container\">\n\t\t\t\t\t<h1 class=\"elementor-heading-title elementor-size-default\">Palacio Torre-Almiranta <\/h1>\t\t\t\t<\/div>\n\t\t\t\t<\/div>\n\t\t\t\t<\/div>\n\t\t\t\t\t<\/div>\n\t\t\t\t<\/div>\n\t\t<div class=\"elementor-element elementor-element-9b0b215 e-con-full animated-slow e-flex elementor-invisible e-con e-parent\" data-id=\"9b0b215\" data-element_type=\"container\" data-settings=\"{&quot;background_background&quot;:&quot;classic&quot;,&quot;animation&quot;:&quot;fadeIn&quot;}\">\n\t\t\t\t<\/div>\n\t\t<div class=\"elementor-element elementor-element-babe449 e-flex e-con-boxed e-con e-parent\" data-id=\"babe449\" data-element_type=\"container\">\n\t\t\t\t\t<div class=\"e-con-inner\">\n\t\t<div class=\"elementor-element elementor-element-33b8caa e-con-full animated-slow e-flex elementor-invisible e-con e-child\" data-id=\"33b8caa\" data-element_type=\"container\" data-settings=\"{&quot;animation&quot;:&quot;fadeIn&quot;}\">\n\t\t<div class=\"elementor-element elementor-element-9582635 e-con-full e-flex e-con e-child\" data-id=\"9582635\" data-element_type=\"container\">\n\t\t\t\t<div class=\"elementor-element elementor-element-c78dbda elementor-widget elementor-widget-heading\" data-id=\"c78dbda\" data-element_type=\"widget\" data-widget_type=\"heading.default\">\n\t\t\t\t<div class=\"elementor-widget-container\">\n\t\t\t\t\t<p class=\"elementor-heading-title elementor-size-default\">LOCALIZACI\u00d3N<\/p>\t\t\t\t<\/div>\n\t\t\t\t<\/div>\n\t\t\t\t<div class=\"elementor-element elementor-element-0a6aaaf elementor-widget elementor-widget-heading\" data-id=\"0a6aaaf\" data-element_type=\"widget\" data-widget_type=\"heading.default\">\n\t\t\t\t<div class=\"elementor-widget-container\">\n\t\t\t\t\t<p class=\"elementor-heading-title elementor-size-default\">Barrio de Chamber\u00ed<\/p>\t\t\t\t<\/div>\n\t\t\t\t<\/div>\n\t\t\t\t<\/div>\n\t\t<div class=\"elementor-element elementor-element-7a39a5c e-con-full e-grid e-con e-child\" data-id=\"7a39a5c\" data-element_type=\"container\">\n\t\t<div class=\"elementor-element elementor-element-093e8c8 e-con-full e-flex e-con e-child\" data-id=\"093e8c8\" data-element_type=\"container\">\n\t\t\t\t<div class=\"elementor-element elementor-element-c4d6cea elementor-widget elementor-widget-heading\" data-id=\"c4d6cea\" data-element_type=\"widget\" data-widget_type=\"heading.default\">\n\t\t\t\t<div class=\"elementor-widget-container\">\n\t\t\t\t\t<p class=\"elementor-heading-title elementor-size-default\">ARQUITECTO<\/p>\t\t\t\t<\/div>\n\t\t\t\t<\/div>\n\t\t\t\t<div class=\"elementor-element elementor-element-9d08dd0 elementor-widget elementor-widget-heading\" data-id=\"9d08dd0\" data-element_type=\"widget\" data-widget_type=\"heading.default\">\n\t\t\t\t<div class=\"elementor-widget-container\">\n\t\t\t\t\t<p class=\"elementor-heading-title elementor-size-default\">Touza Arquitectos<\/p>\t\t\t\t<\/div>\n\t\t\t\t<\/div>\n\t\t\t\t<\/div>\n\t\t<div class=\"elementor-element elementor-element-c1228f8 e-con-full e-flex e-con e-child\" data-id=\"c1228f8\" data-element_type=\"container\">\n\t\t\t\t<div class=\"elementor-element elementor-element-c8923b3 elementor-widget elementor-widget-heading\" data-id=\"c8923b3\" data-element_type=\"widget\" data-widget_type=\"heading.default\">\n\t\t\t\t<div class=\"elementor-widget-container\">\n\t\t\t\t\t<p class=\"elementor-heading-title elementor-size-default\">DISE\u00d1ADOR DE INTERIORES<\/p>\t\t\t\t<\/div>\n\t\t\t\t<\/div>\n\t\t\t\t<div class=\"elementor-element elementor-element-ce80f67 elementor-widget elementor-widget-heading\" data-id=\"ce80f67\" data-element_type=\"widget\" data-widget_type=\"heading.default\">\n\t\t\t\t<div class=\"elementor-widget-container\">\n\t\t\t\t\t<p class=\"elementor-heading-title elementor-size-default\">L\u00e1zaro Rosa-Viol\u00e1n<\/p>\t\t\t\t<\/div>\n\t\t\t\t<\/div>\n\t\t\t\t<\/div>\n\t\t\t\t<\/div>\n\t\t<div class=\"elementor-element elementor-element-bef93a0 e-con-full e-flex e-con e-child\" data-id=\"bef93a0\" data-element_type=\"container\">\n\t\t\t\t<div class=\"elementor-element elementor-element-49bcfd8 elementor-widget elementor-widget-heading\" data-id=\"49bcfd8\" data-element_type=\"widget\" data-widget_type=\"heading.default\">\n\t\t\t\t<div class=\"elementor-widget-container\">\n\t\t\t\t\t<p class=\"elementor-heading-title elementor-size-default\">INFORMACI\u00d3N DE CONTACTO<\/p>\t\t\t\t<\/div>\n\t\t\t\t<\/div>\n\t\t\t\t<div class=\"elementor-element elementor-element-d1e1124 elementor-widget elementor-widget-heading\" data-id=\"d1e1124\" data-element_type=\"widget\" data-widget_type=\"heading.default\">\n\t\t\t\t<div class=\"elementor-widget-container\">\n\t\t\t\t\t<p class=\"elementor-heading-title elementor-size-default\"><a href=\"tel:+34917906706\">+34 917 90 67 06<\/a><\/p>\t\t\t\t<\/div>\n\t\t\t\t<\/div>\n\t\t\t\t<div class=\"elementor-element elementor-element-ffbba5d elementor-widget elementor-widget-heading\" data-id=\"ffbba5d\" data-element_type=\"widget\" data-widget_type=\"heading.default\">\n\t\t\t\t<div class=\"elementor-widget-container\">\n\t\t\t\t\t<p class=\"elementor-heading-title elementor-size-default\"><a href=\"mailto:sales@sagasta27.com\">sales@sagasta27.com<\/a><\/p>\t\t\t\t<\/div>\n\t\t\t\t<\/div>\n\t\t\t\t<\/div>\n\t\t\t\t<\/div>\n\t\t<div class=\"elementor-element elementor-element-1fa1532 e-con-full e-flex e-con e-child\" data-id=\"1fa1532\" data-element_type=\"container\">\n\t\t\t\t<div class=\"elementor-element elementor-element-e61897e animated-slow elementor-invisible elementor-widget elementor-widget-heading\" data-id=\"e61897e\" data-element_type=\"widget\" data-settings=\"{&quot;_animation&quot;:&quot;fadeIn&quot;,&quot;_animation_delay&quot;:100}\" data-widget_type=\"heading.default\">\n\t\t\t\t<div class=\"elementor-widget-container\">\n\t\t\t\t\t<h2 class=\"elementor-heading-title elementor-size-default\">Palacio Torre-Almiranta, ubicado en el barrio de Chamber\u00ed, es una joya arquitect\u00f3nica construida en 1893 como Casa Palaciega.<\/h2>\t\t\t\t<\/div>\n\t\t\t\t<\/div>\n\t\t\t\t<div class=\"elementor-element elementor-element-37dfd03 animated-slow elementor-invisible elementor-widget elementor-widget-text-editor\" data-id=\"37dfd03\" data-element_type=\"widget\" data-settings=\"{&quot;_animation&quot;:&quot;fadeIn&quot;}\" data-widget_type=\"text-editor.default\">\n\t\t\t\t<div class=\"elementor-widget-container\">\n\t\t\t\t\t\t\t\t\t<p>El proyecto de rehabilitaci\u00f3n, liderado por Touza Arquitectos con dise\u00f1o interior de L\u00e1zaro Rosa-Viol\u00e1n, ha devuelto el esplendor al edificio, combinando su esencia cl\u00e1sica original con una interpretaci\u00f3n moderna de la vida actual. Las residencias destacan por sus amplios espacios, techos altos y elementos hist\u00f3ricos, creando un ambiente distinguido y confortable para sus propietarios. Adem\u00e1s, la ubicaci\u00f3n permite disfrutar de lo mejor de la cultura, la gastronom\u00eda y el ocio de Madrid.  <\/p>\t\t\t\t\t\t\t\t<\/div>\n\t\t\t\t<\/div>\n\t\t\t\t<\/div>\n\t\t\t\t\t<\/div>\n\t\t\t\t<\/div>\n\t\t<div class=\"elementor-element elementor-element-b4a8a92 e-con-full e-flex e-con e-parent\" data-id=\"b4a8a92\" data-element_type=\"container\">\n\t\t<div class=\"elementor-element elementor-element-d5d2dde e-con-full animated-slow e-flex elementor-invisible e-con e-child\" data-id=\"d5d2dde\" data-element_type=\"container\" data-settings=\"{&quot;background_background&quot;:&quot;classic&quot;,&quot;animation&quot;:&quot;fadeIn&quot;}\">\n\t\t\t\t<\/div>\n\t\t<div class=\"elementor-element elementor-element-9109a79 e-con-full animated-slow e-flex elementor-invisible e-con e-child\" data-id=\"9109a79\" data-element_type=\"container\" data-settings=\"{&quot;background_background&quot;:&quot;classic&quot;,&quot;animation&quot;:&quot;fadeIn&quot;,&quot;animation_delay&quot;:100}\">\n\t\t\t\t<\/div>\n\t\t\t\t<\/div>\n\t\t<div class=\"elementor-element elementor-element-e8366b3 e-con-full animated-slow e-flex elementor-invisible e-con e-parent\" data-id=\"e8366b3\" data-element_type=\"container\" data-settings=\"{&quot;background_background&quot;:&quot;classic&quot;,&quot;animation&quot;:&quot;fadeIn&quot;}\">\n\t\t\t\t<\/div>\n\t\t\t\t<\/div>\n\t\t","protected":false},"excerpt":{"rendered":"<p>Palacio Torre-Almiranta LOCALIZACI\u00d3N Barrio de Chamber\u00ed ARQUITECTO Touza Arquitectos DISE\u00d1ADOR DE INTERIORES L\u00e1zaro Rosa-Viol\u00e1n INFORMACI\u00d3N DE CONTACTO +34 917 90 67 06 sales@sagasta27.com Palacio Torre-Almiranta, ubicado en el barrio de Chamber\u00ed, es una joya arquitect\u00f3nica construida en 1893 como Casa Palaciega. El proyecto de rehabilitaci\u00f3n, liderado por Touza Arquitectos con dise\u00f1o interior de L\u00e1zaro Rosa-Viol\u00e1n, [&hellip;]<\/p>\n","protected":false},"author":15,"featured_media":0,"parent":0,"menu_order":0,"comment_status":"closed","ping_status":"closed","template":"elementor_header_footer","meta":{"_acf_changed":false,"content-type":"","footnotes":""},"class_list":["post-7675","page","type-page","status-publish","hentry"],"acf":[],"yoast_head":"<!-- This site is optimized with the Yoast SEO plugin v26.4 - https:\/\/yoast.com\/wordpress\/plugins\/seo\/ -->\n<title>Palacio Torre-Almiranta | Perspepolis Investments<\/title>\n<meta name=\"description\" content=\"Palacio Torre-Almiranta, ubicado en el barrio de Chamber\u00ed, es una joya arquitect\u00f3nica construida en 1893 como Casa Palaciega.\" \/>\n<meta name=\"robots\" content=\"index, follow, max-snippet:-1, max-image-preview:large, max-video-preview:-1\" \/>\n<link rel=\"canonical\" href=\"https:\/\/persepolis-investments.com\/es\/proyectos-palacio-torre-almiranta\/\" \/>\n<meta property=\"og:locale\" content=\"es_ES\" \/>\n<meta property=\"og:type\" content=\"article\" \/>\n<meta property=\"og:title\" content=\"Palacio Torre-Almiranta | Perspepolis Investments\" \/>\n<meta property=\"og:description\" content=\"Palacio Torre-Almiranta, ubicado en el barrio de Chamber\u00ed, es una joya arquitect\u00f3nica construida en 1893 como Casa Palaciega.\" \/>\n<meta property=\"og:url\" content=\"https:\/\/persepolis-investments.com\/es\/proyectos-palacio-torre-almiranta\/\" \/>\n<meta property=\"og:site_name\" content=\"Perspepolis Investments\" \/>\n<meta property=\"article:modified_time\" content=\"2025-04-04T10:32:16+00:00\" \/>\n<meta name=\"twitter:card\" content=\"summary_large_image\" \/>\n<meta name=\"twitter:label1\" content=\"Tiempo de lectura\" \/>\n\t<meta name=\"twitter:data1\" content=\"1 minuto\" \/>\n<script type=\"application\/ld+json\" class=\"yoast-schema-graph\">{\"@context\":\"https:\/\/schema.org\",\"@graph\":[{\"@type\":\"WebPage\",\"@id\":\"https:\/\/persepolis-investments.com\/es\/proyectos-palacio-torre-almiranta\/\",\"url\":\"https:\/\/persepolis-investments.com\/es\/proyectos-palacio-torre-almiranta\/\",\"name\":\"Palacio Torre-Almiranta | Perspepolis Investments\",\"isPartOf\":{\"@id\":\"https:\/\/persepolis-investments.com\/es\/#website\"},\"datePublished\":\"2024-11-12T13:59:50+00:00\",\"dateModified\":\"2025-04-04T10:32:16+00:00\",\"description\":\"Palacio Torre-Almiranta, ubicado en el barrio de Chamber\u00ed, es una joya arquitect\u00f3nica construida en 1893 como Casa Palaciega.\",\"breadcrumb\":{\"@id\":\"https:\/\/persepolis-investments.com\/es\/proyectos-palacio-torre-almiranta\/#breadcrumb\"},\"inLanguage\":\"es\",\"potentialAction\":[{\"@type\":\"ReadAction\",\"target\":[\"https:\/\/persepolis-investments.com\/es\/proyectos-palacio-torre-almiranta\/\"]}]},{\"@type\":\"BreadcrumbList\",\"@id\":\"https:\/\/persepolis-investments.com\/es\/proyectos-palacio-torre-almiranta\/#breadcrumb\",\"itemListElement\":[{\"@type\":\"ListItem\",\"position\":1,\"name\":\"Home\",\"item\":\"https:\/\/persepolis-investments.com\/es\/inicio\/\"},{\"@type\":\"ListItem\",\"position\":2,\"name\":\"Proyectos \u2013 Palacio Torre-Almiranta\"}]},{\"@type\":\"WebSite\",\"@id\":\"https:\/\/persepolis-investments.com\/es\/#website\",\"url\":\"https:\/\/persepolis-investments.com\/es\/\",\"name\":\"Perspepolis Investments\",\"description\":\"Profitability, rigor and sustainability\",\"potentialAction\":[{\"@type\":\"SearchAction\",\"target\":{\"@type\":\"EntryPoint\",\"urlTemplate\":\"https:\/\/persepolis-investments.com\/es\/?s={search_term_string}\"},\"query-input\":{\"@type\":\"PropertyValueSpecification\",\"valueRequired\":true,\"valueName\":\"search_term_string\"}}],\"inLanguage\":\"es\"}]}<\/script>\n<!-- \/ Yoast SEO plugin. -->","yoast_head_json":{"title":"Palacio Torre-Almiranta | Perspepolis Investments","description":"Palacio Torre-Almiranta, ubicado en el barrio de Chamber\u00ed, es una joya arquitect\u00f3nica construida en 1893 como Casa Palaciega.","robots":{"index":"index","follow":"follow","max-snippet":"max-snippet:-1","max-image-preview":"max-image-preview:large","max-video-preview":"max-video-preview:-1"},"canonical":"https:\/\/persepolis-investments.com\/es\/proyectos-palacio-torre-almiranta\/","og_locale":"es_ES","og_type":"article","og_title":"Palacio Torre-Almiranta | Perspepolis Investments","og_description":"Palacio Torre-Almiranta, ubicado en el barrio de Chamber\u00ed, es una joya arquitect\u00f3nica construida en 1893 como Casa Palaciega.","og_url":"https:\/\/persepolis-investments.com\/es\/proyectos-palacio-torre-almiranta\/","og_site_name":"Perspepolis Investments","article_modified_time":"2025-04-04T10:32:16+00:00","twitter_card":"summary_large_image","twitter_misc":{"Tiempo de lectura":"1 minuto"},"schema":{"@context":"https:\/\/schema.org","@graph":[{"@type":"WebPage","@id":"https:\/\/persepolis-investments.com\/es\/proyectos-palacio-torre-almiranta\/","url":"https:\/\/persepolis-investments.com\/es\/proyectos-palacio-torre-almiranta\/","name":"Palacio Torre-Almiranta | Perspepolis Investments","isPartOf":{"@id":"https:\/\/persepolis-investments.com\/es\/#website"},"datePublished":"2024-11-12T13:59:50+00:00","dateModified":"2025-04-04T10:32:16+00:00","description":"Palacio Torre-Almiranta, ubicado en el barrio de Chamber\u00ed, es una joya arquitect\u00f3nica construida en 1893 como Casa Palaciega.","breadcrumb":{"@id":"https:\/\/persepolis-investments.com\/es\/proyectos-palacio-torre-almiranta\/#breadcrumb"},"inLanguage":"es","potentialAction":[{"@type":"ReadAction","target":["https:\/\/persepolis-investments.com\/es\/proyectos-palacio-torre-almiranta\/"]}]},{"@type":"BreadcrumbList","@id":"https:\/\/persepolis-investments.com\/es\/proyectos-palacio-torre-almiranta\/#breadcrumb","itemListElement":[{"@type":"ListItem","position":1,"name":"Home","item":"https:\/\/persepolis-investments.com\/es\/inicio\/"},{"@type":"ListItem","position":2,"name":"Proyectos \u2013 Palacio Torre-Almiranta"}]},{"@type":"WebSite","@id":"https:\/\/persepolis-investments.com\/es\/#website","url":"https:\/\/persepolis-investments.com\/es\/","name":"Perspepolis Investments","description":"Profitability, rigor and sustainability","potentialAction":[{"@type":"SearchAction","target":{"@type":"EntryPoint","urlTemplate":"https:\/\/persepolis-investments.com\/es\/?s={search_term_string}"},"query-input":{"@type":"PropertyValueSpecification","valueRequired":true,"valueName":"search_term_string"}}],"inLanguage":"es"}]}},"_links":{"self":[{"href":"https:\/\/persepolis-investments.com\/es\/wp-json\/wp\/v2\/pages\/7675","targetHints":{"allow":["GET"]}}],"collection":[{"href":"https:\/\/persepolis-investments.com\/es\/wp-json\/wp\/v2\/pages"}],"about":[{"href":"https:\/\/persepolis-investments.com\/es\/wp-json\/wp\/v2\/types\/page"}],"author":[{"embeddable":true,"href":"https:\/\/persepolis-investments.com\/es\/wp-json\/wp\/v2\/users\/15"}],"replies":[{"embeddable":true,"href":"https:\/\/persepolis-investments.com\/es\/wp-json\/wp\/v2\/comments?post=7675"}],"version-history":[{"count":2,"href":"https:\/\/persepolis-investments.com\/es\/wp-json\/wp\/v2\/pages\/7675\/revisions"}],"predecessor-version":[{"id":8772,"href":"https:\/\/persepolis-investments.com\/es\/wp-json\/wp\/v2\/pages\/7675\/revisions\/8772"}],"wp:attachment":[{"href":"https:\/\/persepolis-investments.com\/es\/wp-json\/wp\/v2\/media?parent=7675"}],"curies":[{"name":"wp","href":"https:\/\/api.w.org\/{rel}","templated":true}]}}