{"id":7676,"date":"2024-11-12T15:00:04","date_gmt":"2024-11-12T14:00:04","guid":{"rendered":"https:\/\/persepolis-investments.com\/proyectos-sls-madrid-infantas\/"},"modified":"2025-04-04T12:32:09","modified_gmt":"2025-04-04T10:32:09","slug":"proyectos-sls-madrid-infantas","status":"publish","type":"page","link":"https:\/\/persepolis-investments.com\/es\/proyectos-sls-madrid-infantas\/","title":{"rendered":"Proyectos \u2013 SLS Madrid Infantas"},"content":{"rendered":"\t\t<div data-elementor-type=\"wp-page\" data-elementor-id=\"7676\" class=\"elementor elementor-7676 elementor-7090\" data-elementor-post-type=\"page\">\n\t\t\t\t<div class=\"elementor-element elementor-element-733cf7d e-flex e-con-boxed e-con e-parent\" data-id=\"733cf7d\" data-element_type=\"container\">\n\t\t\t\t\t<div class=\"e-con-inner\">\n\t\t<div class=\"elementor-element elementor-element-2b1bfcf e-con-full animated-slow e-flex elementor-invisible e-con e-child\" data-id=\"2b1bfcf\" data-element_type=\"container\" data-settings=\"{&quot;animation&quot;:&quot;fadeIn&quot;,&quot;animation_delay&quot;:250}\">\n\t\t\t\t<div class=\"elementor-element elementor-element-edadc76 animated-fast elementor-invisible elementor-widget elementor-widget-heading\" data-id=\"edadc76\" data-element_type=\"widget\" data-settings=\"{&quot;_animation&quot;:&quot;fadeInUp&quot;,&quot;_animation_delay&quot;:100}\" data-widget_type=\"heading.default\">\n\t\t\t\t<div class=\"elementor-widget-container\">\n\t\t\t\t\t<h1 class=\"elementor-heading-title elementor-size-default\">SLS Madrid Infantas Residences <\/h1>\t\t\t\t<\/div>\n\t\t\t\t<\/div>\n\t\t\t\t<\/div>\n\t\t\t\t\t<\/div>\n\t\t\t\t<\/div>\n\t\t<div class=\"elementor-element elementor-element-25c5a3c e-con-full animated-slow e-flex elementor-invisible e-con e-parent\" data-id=\"25c5a3c\" data-element_type=\"container\" data-settings=\"{&quot;background_background&quot;:&quot;classic&quot;,&quot;animation&quot;:&quot;fadeIn&quot;}\">\n\t\t\t\t<\/div>\n\t\t<div class=\"elementor-element elementor-element-17825ae e-flex e-con-boxed e-con e-parent\" data-id=\"17825ae\" data-element_type=\"container\">\n\t\t\t\t\t<div class=\"e-con-inner\">\n\t\t<div class=\"elementor-element elementor-element-74d5e6a e-con-full animated-slow e-flex elementor-invisible e-con e-child\" data-id=\"74d5e6a\" data-element_type=\"container\" data-settings=\"{&quot;animation&quot;:&quot;fadeIn&quot;}\">\n\t\t<div class=\"elementor-element elementor-element-548ef26 e-con-full e-flex e-con e-child\" data-id=\"548ef26\" data-element_type=\"container\">\n\t\t\t\t<div class=\"elementor-element elementor-element-d2e7bbe elementor-widget elementor-widget-heading\" data-id=\"d2e7bbe\" data-element_type=\"widget\" data-widget_type=\"heading.default\">\n\t\t\t\t<div class=\"elementor-widget-container\">\n\t\t\t\t\t<p class=\"elementor-heading-title elementor-size-default\">LOCALIZACI\u00d3N<\/p>\t\t\t\t<\/div>\n\t\t\t\t<\/div>\n\t\t\t\t<div class=\"elementor-element elementor-element-6571dfc elementor-widget elementor-widget-heading\" data-id=\"6571dfc\" data-element_type=\"widget\" data-widget_type=\"heading.default\">\n\t\t\t\t<div class=\"elementor-widget-container\">\n\t\t\t\t\t<p class=\"elementor-heading-title elementor-size-default\">Barrio de Justicia<\/p>\t\t\t\t<\/div>\n\t\t\t\t<\/div>\n\t\t\t\t<\/div>\n\t\t<div class=\"elementor-element elementor-element-bcd4d21 e-con-full e-grid e-con e-child\" data-id=\"bcd4d21\" data-element_type=\"container\">\n\t\t<div class=\"elementor-element elementor-element-9dcb888 e-con-full e-flex e-con e-child\" data-id=\"9dcb888\" data-element_type=\"container\">\n\t\t\t\t<div class=\"elementor-element elementor-element-421a32c elementor-widget elementor-widget-heading\" data-id=\"421a32c\" data-element_type=\"widget\" data-widget_type=\"heading.default\">\n\t\t\t\t<div class=\"elementor-widget-container\">\n\t\t\t\t\t<p class=\"elementor-heading-title elementor-size-default\">ARQUITECTO<\/p>\t\t\t\t<\/div>\n\t\t\t\t<\/div>\n\t\t\t\t<div class=\"elementor-element elementor-element-5536ef1 elementor-widget elementor-widget-heading\" data-id=\"5536ef1\" data-element_type=\"widget\" data-widget_type=\"heading.default\">\n\t\t\t\t<div class=\"elementor-widget-container\">\n\t\t\t\t\t<p class=\"elementor-heading-title elementor-size-default\">Naturback<\/p>\t\t\t\t<\/div>\n\t\t\t\t<\/div>\n\t\t\t\t<\/div>\n\t\t<div class=\"elementor-element elementor-element-fbbbddd e-con-full e-flex e-con e-child\" data-id=\"fbbbddd\" data-element_type=\"container\">\n\t\t\t\t<div class=\"elementor-element elementor-element-ab94c20 elementor-widget elementor-widget-heading\" data-id=\"ab94c20\" data-element_type=\"widget\" data-widget_type=\"heading.default\">\n\t\t\t\t<div class=\"elementor-widget-container\">\n\t\t\t\t\t<p class=\"elementor-heading-title elementor-size-default\">DISE\u00d1ADOR DE INTERIORES<\/p>\t\t\t\t<\/div>\n\t\t\t\t<\/div>\n\t\t\t\t<div class=\"elementor-element elementor-element-506fb80 elementor-widget elementor-widget-heading\" data-id=\"506fb80\" data-element_type=\"widget\" data-widget_type=\"heading.default\">\n\t\t\t\t<div class=\"elementor-widget-container\">\n\t\t\t\t\t<p class=\"elementor-heading-title elementor-size-default\">Studio Carter<\/p>\t\t\t\t<\/div>\n\t\t\t\t<\/div>\n\t\t\t\t<\/div>\n\t\t\t\t<\/div>\n\t\t<div class=\"elementor-element elementor-element-e326043 e-con-full e-flex e-con e-child\" data-id=\"e326043\" data-element_type=\"container\">\n\t\t\t\t<div class=\"elementor-element elementor-element-671f46e elementor-widget elementor-widget-heading\" data-id=\"671f46e\" data-element_type=\"widget\" data-widget_type=\"heading.default\">\n\t\t\t\t<div class=\"elementor-widget-container\">\n\t\t\t\t\t<p class=\"elementor-heading-title elementor-size-default\">INFORMACI\u00d3N DE CONTACTO<\/p>\t\t\t\t<\/div>\n\t\t\t\t<\/div>\n\t\t\t\t<div class=\"elementor-element elementor-element-2c60b75 elementor-widget elementor-widget-heading\" data-id=\"2c60b75\" data-element_type=\"widget\" data-widget_type=\"heading.default\">\n\t\t\t\t<div class=\"elementor-widget-container\">\n\t\t\t\t\t<p class=\"elementor-heading-title elementor-size-default\"><a href=\"tel:+34912975553\">+34 912 975 553<\/a><\/p>\t\t\t\t<\/div>\n\t\t\t\t<\/div>\n\t\t\t\t<div class=\"elementor-element elementor-element-534d3af elementor-widget elementor-widget-heading\" data-id=\"534d3af\" data-element_type=\"widget\" data-widget_type=\"heading.default\">\n\t\t\t\t<div class=\"elementor-widget-container\">\n\t\t\t\t\t<p class=\"elementor-heading-title elementor-size-default\"><a href=\"mailto:sales@infantas40.com\">sales@infantas40.com<\/a><\/p>\t\t\t\t<\/div>\n\t\t\t\t<\/div>\n\t\t\t\t<\/div>\n\t\t\t\t<\/div>\n\t\t<div class=\"elementor-element elementor-element-c719207 e-con-full e-flex e-con e-child\" data-id=\"c719207\" data-element_type=\"container\">\n\t\t\t\t<div class=\"elementor-element elementor-element-2e45a37 animated-slow elementor-invisible elementor-widget elementor-widget-heading\" data-id=\"2e45a37\" data-element_type=\"widget\" data-settings=\"{&quot;_animation&quot;:&quot;fadeIn&quot;,&quot;_animation_delay&quot;:100}\" data-widget_type=\"heading.default\">\n\t\t\t\t<div class=\"elementor-widget-container\">\n\t\t\t\t\t<h2 class=\"elementor-heading-title elementor-size-default\">Ubicado en el vibrante barrio de Justicia, SLS Madrid Infantas Residences ofrece una experiencia de vida extraordinaria en un edificio neobarroco cuidadosamente restaurado.<\/h2>\t\t\t\t<\/div>\n\t\t\t\t<\/div>\n\t\t\t\t<div class=\"elementor-element elementor-element-4dedbf4 animated-slow elementor-invisible elementor-widget elementor-widget-text-editor\" data-id=\"4dedbf4\" data-element_type=\"widget\" data-settings=\"{&quot;_animation&quot;:&quot;fadeIn&quot;}\" data-widget_type=\"text-editor.default\">\n\t\t\t\t<div class=\"elementor-widget-container\">\n\t\t\t\t\t\t\t\t\t<p>Con una combinaci\u00f3n \u00fanica de lujo contempor\u00e1neo y car\u00e1cter cl\u00e1sico, el proyecto cuenta con 33 residencias de uno a tres dormitorios y servicios completamente exclusivos. Adem\u00e1s, incluye acceso a un Social House con excepcionales amenities como una gran piscina en el Rooftop, gimnasio, biblioteca y maravillosos espacios para eventos. A pocos pasos del Parque del Retiro y la Gran V\u00eda, los residentes disfrutar\u00e1n de la vida m\u00e1s cosmopolita en el coraz\u00f3n de Madrid.<\/p>\t\t\t\t\t\t\t\t<\/div>\n\t\t\t\t<\/div>\n\t\t\t\t<\/div>\n\t\t\t\t\t<\/div>\n\t\t\t\t<\/div>\n\t\t<div class=\"elementor-element elementor-element-ff11b0c e-con-full e-flex e-con e-parent\" data-id=\"ff11b0c\" data-element_type=\"container\">\n\t\t<div class=\"elementor-element elementor-element-9e98096 e-con-full animated-slow e-flex elementor-invisible e-con e-child\" data-id=\"9e98096\" data-element_type=\"container\" data-settings=\"{&quot;background_background&quot;:&quot;classic&quot;,&quot;animation&quot;:&quot;fadeIn&quot;}\">\n\t\t\t\t<\/div>\n\t\t<div class=\"elementor-element elementor-element-4cf9365 e-con-full animated-slow e-flex elementor-invisible e-con e-child\" data-id=\"4cf9365\" data-element_type=\"container\" data-settings=\"{&quot;background_background&quot;:&quot;classic&quot;,&quot;animation&quot;:&quot;fadeIn&quot;,&quot;animation_delay&quot;:100}\">\n\t\t\t\t<\/div>\n\t\t\t\t<\/div>\n\t\t\t\t<\/div>\n\t\t","protected":false},"excerpt":{"rendered":"<p>SLS Madrid Infantas Residences LOCALIZACI\u00d3N Barrio de Justicia ARQUITECTO Naturback DISE\u00d1ADOR DE INTERIORES Studio Carter INFORMACI\u00d3N DE CONTACTO +34 912 975 553 sales@infantas40.com Ubicado en el vibrante barrio de Justicia, SLS Madrid Infantas Residences ofrece una experiencia de vida extraordinaria en un edificio neobarroco cuidadosamente restaurado. Con una combinaci\u00f3n \u00fanica de lujo contempor\u00e1neo y car\u00e1cter [&hellip;]<\/p>\n","protected":false},"author":15,"featured_media":0,"parent":0,"menu_order":0,"comment_status":"closed","ping_status":"closed","template":"elementor_header_footer","meta":{"_acf_changed":false,"content-type":"","footnotes":""},"class_list":["post-7676","page","type-page","status-publish","hentry"],"acf":[],"yoast_head":"<!-- This site is optimized with the Yoast SEO plugin v26.4 - https:\/\/yoast.com\/wordpress\/plugins\/seo\/ -->\n<title>SLS Madrid Infantas Residences | Perspepolis Investments<\/title>\n<meta name=\"description\" content=\"Ubicado en el vibrante barrio de Justicia, SLS Madrid Infantas Residences ofrece una experiencia de vida extraordinaria en un edificio neobarroco cuidadosamente restaurado.\" \/>\n<meta name=\"robots\" content=\"index, follow, max-snippet:-1, max-image-preview:large, max-video-preview:-1\" \/>\n<link rel=\"canonical\" href=\"https:\/\/persepolis-investments.com\/es\/proyectos-sls-madrid-infantas\/\" \/>\n<meta property=\"og:locale\" content=\"es_ES\" \/>\n<meta property=\"og:type\" content=\"article\" \/>\n<meta property=\"og:title\" content=\"SLS Madrid Infantas Residences | Perspepolis Investments\" \/>\n<meta property=\"og:description\" content=\"Ubicado en el vibrante barrio de Justicia, SLS Madrid Infantas Residences ofrece una experiencia de vida extraordinaria en un edificio neobarroco cuidadosamente restaurado.\" \/>\n<meta property=\"og:url\" content=\"https:\/\/persepolis-investments.com\/es\/proyectos-sls-madrid-infantas\/\" \/>\n<meta property=\"og:site_name\" content=\"Perspepolis Investments\" \/>\n<meta property=\"article:modified_time\" content=\"2025-04-04T10:32:09+00:00\" \/>\n<meta name=\"twitter:card\" content=\"summary_large_image\" \/>\n<meta name=\"twitter:label1\" content=\"Tiempo de lectura\" \/>\n\t<meta name=\"twitter:data1\" content=\"1 minuto\" \/>\n<script type=\"application\/ld+json\" class=\"yoast-schema-graph\">{\"@context\":\"https:\/\/schema.org\",\"@graph\":[{\"@type\":\"WebPage\",\"@id\":\"https:\/\/persepolis-investments.com\/es\/proyectos-sls-madrid-infantas\/\",\"url\":\"https:\/\/persepolis-investments.com\/es\/proyectos-sls-madrid-infantas\/\",\"name\":\"SLS Madrid Infantas Residences | Perspepolis Investments\",\"isPartOf\":{\"@id\":\"https:\/\/persepolis-investments.com\/es\/#website\"},\"datePublished\":\"2024-11-12T14:00:04+00:00\",\"dateModified\":\"2025-04-04T10:32:09+00:00\",\"description\":\"Ubicado en el vibrante barrio de Justicia, SLS Madrid Infantas Residences ofrece una experiencia de vida extraordinaria en un edificio neobarroco cuidadosamente restaurado.\",\"breadcrumb\":{\"@id\":\"https:\/\/persepolis-investments.com\/es\/proyectos-sls-madrid-infantas\/#breadcrumb\"},\"inLanguage\":\"es\",\"potentialAction\":[{\"@type\":\"ReadAction\",\"target\":[\"https:\/\/persepolis-investments.com\/es\/proyectos-sls-madrid-infantas\/\"]}]},{\"@type\":\"BreadcrumbList\",\"@id\":\"https:\/\/persepolis-investments.com\/es\/proyectos-sls-madrid-infantas\/#breadcrumb\",\"itemListElement\":[{\"@type\":\"ListItem\",\"position\":1,\"name\":\"Home\",\"item\":\"https:\/\/persepolis-investments.com\/es\/inicio\/\"},{\"@type\":\"ListItem\",\"position\":2,\"name\":\"Proyectos \u2013 SLS Madrid Infantas\"}]},{\"@type\":\"WebSite\",\"@id\":\"https:\/\/persepolis-investments.com\/es\/#website\",\"url\":\"https:\/\/persepolis-investments.com\/es\/\",\"name\":\"Perspepolis Investments\",\"description\":\"Profitability, rigor and sustainability\",\"potentialAction\":[{\"@type\":\"SearchAction\",\"target\":{\"@type\":\"EntryPoint\",\"urlTemplate\":\"https:\/\/persepolis-investments.com\/es\/?s={search_term_string}\"},\"query-input\":{\"@type\":\"PropertyValueSpecification\",\"valueRequired\":true,\"valueName\":\"search_term_string\"}}],\"inLanguage\":\"es\"}]}<\/script>\n<!-- \/ Yoast SEO plugin. -->","yoast_head_json":{"title":"SLS Madrid Infantas Residences | Perspepolis Investments","description":"Ubicado en el vibrante barrio de Justicia, SLS Madrid Infantas Residences ofrece una experiencia de vida extraordinaria en un edificio neobarroco cuidadosamente restaurado.","robots":{"index":"index","follow":"follow","max-snippet":"max-snippet:-1","max-image-preview":"max-image-preview:large","max-video-preview":"max-video-preview:-1"},"canonical":"https:\/\/persepolis-investments.com\/es\/proyectos-sls-madrid-infantas\/","og_locale":"es_ES","og_type":"article","og_title":"SLS Madrid Infantas Residences | Perspepolis Investments","og_description":"Ubicado en el vibrante barrio de Justicia, SLS Madrid Infantas Residences ofrece una experiencia de vida extraordinaria en un edificio neobarroco cuidadosamente restaurado.","og_url":"https:\/\/persepolis-investments.com\/es\/proyectos-sls-madrid-infantas\/","og_site_name":"Perspepolis Investments","article_modified_time":"2025-04-04T10:32:09+00:00","twitter_card":"summary_large_image","twitter_misc":{"Tiempo de lectura":"1 minuto"},"schema":{"@context":"https:\/\/schema.org","@graph":[{"@type":"WebPage","@id":"https:\/\/persepolis-investments.com\/es\/proyectos-sls-madrid-infantas\/","url":"https:\/\/persepolis-investments.com\/es\/proyectos-sls-madrid-infantas\/","name":"SLS Madrid Infantas Residences | Perspepolis Investments","isPartOf":{"@id":"https:\/\/persepolis-investments.com\/es\/#website"},"datePublished":"2024-11-12T14:00:04+00:00","dateModified":"2025-04-04T10:32:09+00:00","description":"Ubicado en el vibrante barrio de Justicia, SLS Madrid Infantas Residences ofrece una experiencia de vida extraordinaria en un edificio neobarroco cuidadosamente restaurado.","breadcrumb":{"@id":"https:\/\/persepolis-investments.com\/es\/proyectos-sls-madrid-infantas\/#breadcrumb"},"inLanguage":"es","potentialAction":[{"@type":"ReadAction","target":["https:\/\/persepolis-investments.com\/es\/proyectos-sls-madrid-infantas\/"]}]},{"@type":"BreadcrumbList","@id":"https:\/\/persepolis-investments.com\/es\/proyectos-sls-madrid-infantas\/#breadcrumb","itemListElement":[{"@type":"ListItem","position":1,"name":"Home","item":"https:\/\/persepolis-investments.com\/es\/inicio\/"},{"@type":"ListItem","position":2,"name":"Proyectos \u2013 SLS Madrid Infantas"}]},{"@type":"WebSite","@id":"https:\/\/persepolis-investments.com\/es\/#website","url":"https:\/\/persepolis-investments.com\/es\/","name":"Perspepolis Investments","description":"Profitability, rigor and sustainability","potentialAction":[{"@type":"SearchAction","target":{"@type":"EntryPoint","urlTemplate":"https:\/\/persepolis-investments.com\/es\/?s={search_term_string}"},"query-input":{"@type":"PropertyValueSpecification","valueRequired":true,"valueName":"search_term_string"}}],"inLanguage":"es"}]}},"_links":{"self":[{"href":"https:\/\/persepolis-investments.com\/es\/wp-json\/wp\/v2\/pages\/7676","targetHints":{"allow":["GET"]}}],"collection":[{"href":"https:\/\/persepolis-investments.com\/es\/wp-json\/wp\/v2\/pages"}],"about":[{"href":"https:\/\/persepolis-investments.com\/es\/wp-json\/wp\/v2\/types\/page"}],"author":[{"embeddable":true,"href":"https:\/\/persepolis-investments.com\/es\/wp-json\/wp\/v2\/users\/15"}],"replies":[{"embeddable":true,"href":"https:\/\/persepolis-investments.com\/es\/wp-json\/wp\/v2\/comments?post=7676"}],"version-history":[{"count":2,"href":"https:\/\/persepolis-investments.com\/es\/wp-json\/wp\/v2\/pages\/7676\/revisions"}],"predecessor-version":[{"id":8770,"href":"https:\/\/persepolis-investments.com\/es\/wp-json\/wp\/v2\/pages\/7676\/revisions\/8770"}],"wp:attachment":[{"href":"https:\/\/persepolis-investments.com\/es\/wp-json\/wp\/v2\/media?parent=7676"}],"curies":[{"name":"wp","href":"https:\/\/api.w.org\/{rel}","templated":true}]}}